{"id":1549,"date":"2025-02-13T10:49:50","date_gmt":"2025-02-13T10:49:50","guid":{"rendered":"https:\/\/sewmom.es\/?page_id=1549"},"modified":"2025-02-13T10:52:45","modified_gmt":"2025-02-13T10:52:45","slug":"accesibilidad","status":"publish","type":"page","link":"https:\/\/sewmom.es\/en\/accesibilidad\/","title":{"rendered":"Accessibility"},"content":{"rendered":"<div data-elementor-type=\"wp-page\" data-elementor-id=\"1549\" class=\"elementor elementor-1549\" data-elementor-post-type=\"page\">\n\t\t\t\t\t\t<section class=\"elementor-section elementor-top-section elementor-element elementor-element-395aa63 elementor-section-boxed elementor-section-height-default elementor-section-height-default\" data-id=\"395aa63\" data-element_type=\"section\" data-e-type=\"section\">\n\t\t\t\t\t\t<div class=\"elementor-container elementor-column-gap-default\">\n\t\t\t\t\t<div class=\"elementor-column elementor-col-100 elementor-top-column elementor-element elementor-element-133600e\" data-id=\"133600e\" data-element_type=\"column\" data-e-type=\"column\">\n\t\t\t<div class=\"elementor-widget-wrap elementor-element-populated\">\n\t\t\t\t\t\t<div class=\"elementor-element elementor-element-a278b91 elementor-widget elementor-widget-text-editor\" data-id=\"a278b91\" data-element_type=\"widget\" data-e-type=\"widget\" data-widget_type=\"text-editor.default\">\n\t\t\t\t<div class=\"elementor-widget-container\">\n\t\t\t\t\t\t\t\t\t<p><\/p>\n<p><strong>Updated 03\/15\/2023<\/strong>&nbsp;<\/p>\n<p> <\/p>\n<p><strong>NOELIA PALLARES undertakes to make its website accessible in accordance with the<\/strong><a href=\"https:\/\/www.boe.es\/diario_boe\/txt.php?id=BOE-A-2018-12699\" target=\"_blank\" rel=\"noreferrer noopener\"><strong>Royal Decree 1112\/2018<\/strong><\/a><strong>, on the accessibility of public sector websites and mobile applications.<\/strong>&nbsp;<\/p>\n<p> <\/p>\n<p>This accessibility statement applies to the website sewmom.es<\/p>\n<p> <\/p>\n<p><strong>COMPLIANCE STATUS<\/strong>&nbsp;<\/p>\n<p> <\/p>\n<p>This website is partially compliant with the<a href=\"https:\/\/www.boe.es\/diario_boe\/txt.php?id=BOE-A-2018-12699\" target=\"_blank\" rel=\"noreferrer noopener\">RD 1112\/2018<\/a>due to non-compliance with the aspects indicated below.&nbsp;<\/p>\n<p> <\/p>\n<p><strong>Content not accessible<\/strong>&nbsp;<\/p>\n<p> <\/p>\n<p>The content below is not accessible for the following reasons:&nbsp;<\/p>\n<p> <\/p>\n<p><strong>Lack of compliance with RD 1112\/2018<\/strong>&nbsp;<\/p>\n<p> <\/p>\n<ul class=\"wp-block-list\"><p><\/p>\n<li>Images can be found without accompanying explanatory text.&nbsp;<\/li>\n<p><\/p>\n<\/ul>\n<p> <\/p>\n<ul class=\"wp-block-list\"><p><\/p>\n<li>Incorrect nesting of tags can still be found.&nbsp;<\/li>\n<p><\/p>\n<\/ul>\n<p> <\/p>\n<ul class=\"wp-block-list\"><p><\/p>\n<li>There may be editing errors on the website.&nbsp;<\/li>\n<p><\/p>\n<\/ul>\n<p> <\/p>\n<p><strong>Disproportionate burden<\/strong>&nbsp;<\/p>\n<p> <\/p>\n<ul class=\"wp-block-list\"><p><\/p>\n<li>Not applicable.&nbsp;<\/li>\n<p><\/p>\n<\/ul>\n<p> <\/p>\n<p><strong>The content does not fall within the scope of applicable legislation.<\/strong>&nbsp;<\/p>\n<p> <\/p>\n<ul class=\"wp-block-list\"><p><\/p>\n<li>There are PDF office files that do not fully meet all accessibility requirements.&nbsp;<\/li>\n<p><\/p>\n<\/ul>\n<p> <\/p>\n<p>This statement was prepared on January 15, 2023.&nbsp;<\/p>\n<p> <\/p>\n<p>The method used to prepare the statement was a self-assessment carried out by the accessibility team.&nbsp;<\/p>\n<p> <\/p>\n<p>Last revised statement: January 12, 2023.&nbsp;<\/p>\n<p> <\/p>\n<p><strong>Comments and contact information<\/strong>&nbsp;<\/p>\n<p> <\/p>\n<p>You can make communications about accessibility requirements (article 10.2.a) of RD 1112\/2018) such as:&nbsp;<\/p>\n<p> <\/p>\n<ul class=\"wp-block-list\"><p><\/p>\n<li>Report any potential breaches by this website.&nbsp;<\/li>\n<p><\/p>\n<\/ul>\n<p> <\/p>\n<ul class=\"wp-block-list\"><p><\/p>\n<li>Transmit other difficulties in accessing content.&nbsp;<\/li>\n<p><\/p>\n<\/ul>\n<p> <\/p>\n<ul class=\"wp-block-list\"><p><\/p>\n<li>Ask any other questions or suggestions for improvement regarding the accessibility of the website.&nbsp;<\/li>\n<p><\/p>\n<\/ul>\n<p> <\/p>\n<p>Through our suggestion box 634 425 740<span style=\"color: var( --e-global-color-text ); font-size: 1rem;\">Communications will be received and processed by the Accessibility team.&nbsp;<\/span><br><\/p>\n<p><\/p>\t\t\t\t\t\t\t\t<\/div>\n\t\t\t\t<\/div>\n\t\t\t\t\t<\/div>\n\t\t<\/div>\n\t\t\t\t\t<\/div>\n\t\t<\/section>\n\t\t\t\t<\/div>","protected":false},"excerpt":{"rendered":"<p>Actualizado 15\/03\/2023&nbsp; NOELIA PALLARES se compromete en hacer accesible su sitio web de conformidad con el\u202fReal Decreto 1112\/2018, sobre accesibilidad de los sitios webs y aplicaciones para dispositivos m\u00f3viles del sector p\u00fablico.&nbsp; La presente declaraci\u00f3n de accesibilidad se aplica al sitio web a sewmom.es SITUACI\u00d3N DE CUMPLIMIENTO&nbsp; Este sitio web es parcialmente conforme con el\u202fRD [&hellip;]<\/p>\n","protected":false},"author":3,"featured_media":0,"parent":0,"menu_order":0,"comment_status":"closed","ping_status":"closed","template":"","meta":{"footnotes":""},"class_list":["post-1549","page","type-page","status-publish","hentry"],"yoast_head":"<!-- This site is optimized with the Yoast SEO plugin v27.5 - https:\/\/yoast.com\/product\/yoast-seo-wordpress\/ -->\n<title>Accesibilidad - sewmom<\/title>\n<meta name=\"robots\" content=\"index, follow, max-snippet:-1, max-image-preview:large, max-video-preview:-1\" \/>\n<link rel=\"canonical\" href=\"https:\/\/sewmom.es\/en\/accesibilidad\/\" \/>\n<meta property=\"og:locale\" content=\"en_GB\" \/>\n<meta property=\"og:type\" content=\"article\" \/>\n<meta property=\"og:title\" content=\"Accesibilidad - sewmom\" \/>\n<meta property=\"og:description\" content=\"Actualizado 15\/03\/2023&nbsp; NOELIA PALLARES se compromete en hacer accesible su sitio web de conformidad con el\u202fReal Decreto 1112\/2018, sobre accesibilidad de los sitios webs y aplicaciones para dispositivos m\u00f3viles del sector p\u00fablico.&nbsp; La presente declaraci\u00f3n de accesibilidad se aplica al sitio web a sewmom.es SITUACI\u00d3N DE CUMPLIMIENTO&nbsp; Este sitio web es parcialmente conforme con el\u202fRD [&hellip;]\" \/>\n<meta property=\"og:url\" content=\"https:\/\/sewmom.es\/en\/accesibilidad\/\" \/>\n<meta property=\"og:site_name\" content=\"sewmom\" \/>\n<meta property=\"article:modified_time\" content=\"2025-02-13T10:52:45+00:00\" \/>\n<meta name=\"twitter:card\" content=\"summary_large_image\" \/>\n<meta name=\"twitter:label1\" content=\"Estimated reading time\" \/>\n\t<meta name=\"twitter:data1\" content=\"2 minutes\" \/>\n<script type=\"application\/ld+json\" class=\"yoast-schema-graph\">{\"@context\":\"https:\\\/\\\/schema.org\",\"@graph\":[{\"@type\":\"WebPage\",\"@id\":\"https:\\\/\\\/sewmom.es\\\/accesibilidad\\\/\",\"url\":\"https:\\\/\\\/sewmom.es\\\/accesibilidad\\\/\",\"name\":\"Accesibilidad - sewmom\",\"isPartOf\":{\"@id\":\"https:\\\/\\\/sewmom.es\\\/#website\"},\"datePublished\":\"2025-02-13T10:49:50+00:00\",\"dateModified\":\"2025-02-13T10:52:45+00:00\",\"breadcrumb\":{\"@id\":\"https:\\\/\\\/sewmom.es\\\/accesibilidad\\\/#breadcrumb\"},\"inLanguage\":\"en-GB\",\"potentialAction\":[{\"@type\":\"ReadAction\",\"target\":[\"https:\\\/\\\/sewmom.es\\\/accesibilidad\\\/\"]}]},{\"@type\":\"BreadcrumbList\",\"@id\":\"https:\\\/\\\/sewmom.es\\\/accesibilidad\\\/#breadcrumb\",\"itemListElement\":[{\"@type\":\"ListItem\",\"position\":1,\"name\":\"Portada\",\"item\":\"https:\\\/\\\/sewmom.es\\\/\"},{\"@type\":\"ListItem\",\"position\":2,\"name\":\"Accesibilidad\"}]},{\"@type\":\"WebSite\",\"@id\":\"https:\\\/\\\/sewmom.es\\\/#website\",\"url\":\"https:\\\/\\\/sewmom.es\\\/\",\"name\":\"sewmom\",\"description\":\"Ropa personalizada para beb&eacute;s\",\"publisher\":{\"@id\":\"https:\\\/\\\/sewmom.es\\\/#organization\"},\"potentialAction\":[{\"@type\":\"SearchAction\",\"target\":{\"@type\":\"EntryPoint\",\"urlTemplate\":\"https:\\\/\\\/sewmom.es\\\/?s={search_term_string}\"},\"query-input\":{\"@type\":\"PropertyValueSpecification\",\"valueRequired\":true,\"valueName\":\"search_term_string\"}}],\"inLanguage\":\"en-GB\"},{\"@type\":\"Organization\",\"@id\":\"https:\\\/\\\/sewmom.es\\\/#organization\",\"name\":\"sewmom\",\"url\":\"https:\\\/\\\/sewmom.es\\\/\",\"logo\":{\"@type\":\"ImageObject\",\"inLanguage\":\"en-GB\",\"@id\":\"https:\\\/\\\/sewmom.es\\\/#\\\/schema\\\/logo\\\/image\\\/\",\"url\":\"https:\\\/\\\/sewmom.es\\\/wp-content\\\/uploads\\\/2023\\\/06\\\/cropped-sewmom.png\",\"contentUrl\":\"https:\\\/\\\/sewmom.es\\\/wp-content\\\/uploads\\\/2023\\\/06\\\/cropped-sewmom.png\",\"width\":413,\"height\":118,\"caption\":\"sewmom\"},\"image\":{\"@id\":\"https:\\\/\\\/sewmom.es\\\/#\\\/schema\\\/logo\\\/image\\\/\"}}]}<\/script>\n<!-- \/ Yoast SEO plugin. -->","yoast_head_json":{"title":"Accesibilidad - sewmom","robots":{"index":"index","follow":"follow","max-snippet":"max-snippet:-1","max-image-preview":"max-image-preview:large","max-video-preview":"max-video-preview:-1"},"canonical":"https:\/\/sewmom.es\/en\/accesibilidad\/","og_locale":"en_GB","og_type":"article","og_title":"Accesibilidad - sewmom","og_description":"Actualizado 15\/03\/2023&nbsp; NOELIA PALLARES se compromete en hacer accesible su sitio web de conformidad con el\u202fReal Decreto 1112\/2018, sobre accesibilidad de los sitios webs y aplicaciones para dispositivos m\u00f3viles del sector p\u00fablico.&nbsp; La presente declaraci\u00f3n de accesibilidad se aplica al sitio web a sewmom.es SITUACI\u00d3N DE CUMPLIMIENTO&nbsp; Este sitio web es parcialmente conforme con el\u202fRD [&hellip;]","og_url":"https:\/\/sewmom.es\/en\/accesibilidad\/","og_site_name":"sewmom","article_modified_time":"2025-02-13T10:52:45+00:00","twitter_card":"summary_large_image","twitter_misc":{"Estimated reading time":"2 minutes"},"schema":{"@context":"https:\/\/schema.org","@graph":[{"@type":"WebPage","@id":"https:\/\/sewmom.es\/accesibilidad\/","url":"https:\/\/sewmom.es\/accesibilidad\/","name":"Accesibilidad - sewmom","isPartOf":{"@id":"https:\/\/sewmom.es\/#website"},"datePublished":"2025-02-13T10:49:50+00:00","dateModified":"2025-02-13T10:52:45+00:00","breadcrumb":{"@id":"https:\/\/sewmom.es\/accesibilidad\/#breadcrumb"},"inLanguage":"en-GB","potentialAction":[{"@type":"ReadAction","target":["https:\/\/sewmom.es\/accesibilidad\/"]}]},{"@type":"BreadcrumbList","@id":"https:\/\/sewmom.es\/accesibilidad\/#breadcrumb","itemListElement":[{"@type":"ListItem","position":1,"name":"Portada","item":"https:\/\/sewmom.es\/"},{"@type":"ListItem","position":2,"name":"Accesibilidad"}]},{"@type":"WebSite","@id":"https:\/\/sewmom.es\/#website","url":"https:\/\/sewmom.es\/","name":"sewmom","description":"Ropa personalizada para beb&eacute;s","publisher":{"@id":"https:\/\/sewmom.es\/#organization"},"potentialAction":[{"@type":"SearchAction","target":{"@type":"EntryPoint","urlTemplate":"https:\/\/sewmom.es\/?s={search_term_string}"},"query-input":{"@type":"PropertyValueSpecification","valueRequired":true,"valueName":"search_term_string"}}],"inLanguage":"en-GB"},{"@type":"Organization","@id":"https:\/\/sewmom.es\/#organization","name":"sewmom","url":"https:\/\/sewmom.es\/","logo":{"@type":"ImageObject","inLanguage":"en-GB","@id":"https:\/\/sewmom.es\/#\/schema\/logo\/image\/","url":"https:\/\/sewmom.es\/wp-content\/uploads\/2023\/06\/cropped-sewmom.png","contentUrl":"https:\/\/sewmom.es\/wp-content\/uploads\/2023\/06\/cropped-sewmom.png","width":413,"height":118,"caption":"sewmom"},"image":{"@id":"https:\/\/sewmom.es\/#\/schema\/logo\/image\/"}}]}},"_links":{"self":[{"href":"https:\/\/sewmom.es\/en\/wp-json\/wp\/v2\/pages\/1549","targetHints":{"allow":["GET"]}}],"collection":[{"href":"https:\/\/sewmom.es\/en\/wp-json\/wp\/v2\/pages"}],"about":[{"href":"https:\/\/sewmom.es\/en\/wp-json\/wp\/v2\/types\/page"}],"author":[{"embeddable":true,"href":"https:\/\/sewmom.es\/en\/wp-json\/wp\/v2\/users\/3"}],"replies":[{"embeddable":true,"href":"https:\/\/sewmom.es\/en\/wp-json\/wp\/v2\/comments?post=1549"}],"version-history":[{"count":2,"href":"https:\/\/sewmom.es\/en\/wp-json\/wp\/v2\/pages\/1549\/revisions"}],"predecessor-version":[{"id":1553,"href":"https:\/\/sewmom.es\/en\/wp-json\/wp\/v2\/pages\/1549\/revisions\/1553"}],"wp:attachment":[{"href":"https:\/\/sewmom.es\/en\/wp-json\/wp\/v2\/media?parent=1549"}],"curies":[{"name":"wp","href":"https:\/\/api.w.org\/{rel}","templated":true}]}}