{"id":25,"date":"2023-06-12T19:44:30","date_gmt":"2023-06-12T19:44:30","guid":{"rendered":"https:\/\/sewmom.es\/mi-cuenta\/"},"modified":"2023-08-22T09:39:58","modified_gmt":"2023-08-22T09:39:58","slug":"mi-cuenta","status":"publish","type":"page","link":"https:\/\/sewmom.es\/en\/mi-cuenta\/","title":{"rendered":"My account"},"content":{"rendered":"<div data-elementor-type=\"wp-page\" data-elementor-id=\"25\" class=\"elementor elementor-25\" data-elementor-post-type=\"page\">\n\t\t\t\t\t\t<section class=\"elementor-section elementor-top-section elementor-element elementor-element-773d4812 elementor-section-boxed elementor-section-height-default elementor-section-height-default\" data-id=\"773d4812\" data-element_type=\"section\" data-e-type=\"section\">\n\t\t\t\t\t\t<div class=\"elementor-container elementor-column-gap-default\">\n\t\t\t\t\t<div class=\"elementor-column elementor-col-100 elementor-top-column elementor-element elementor-element-1a44401e\" data-id=\"1a44401e\" data-element_type=\"column\" data-e-type=\"column\">\n\t\t\t<div class=\"elementor-widget-wrap elementor-element-populated\">\n\t\t\t\t\t\t<div class=\"elementor-element elementor-element-195e9c7 elementor-widget elementor-widget-heading\" data-id=\"195e9c7\" data-element_type=\"widget\" data-e-type=\"widget\" data-widget_type=\"heading.default\">\n\t\t\t\t<div class=\"elementor-widget-container\">\n\t\t\t\t\t<h2 class=\"elementor-heading-title elementor-size-default\">my account<\/h2>\t\t\t\t<\/div>\n\t\t\t\t<\/div>\n\t\t\t\t<div class=\"elementor-element elementor-element-a4ee7ed e-my-account-tabs-vertical elementor-widget elementor-widget-woocommerce-my-account\" data-id=\"a4ee7ed\" data-element_type=\"widget\" data-e-type=\"widget\" data-widget_type=\"woocommerce-my-account.default\">\n\t\t\t\t<div class=\"elementor-widget-container\">\n\t\t\t\t\t<div class=\"e-my-account-tab e-my-account-tab__\">\t\t\t<div class=\"woocommerce\"><\/div>\t\t<\/div>\n\t\t\t\t\t\t<\/div>\n\t\t\t\t<\/div>\n\t\t\t\t\t<\/div>\n\t\t<\/div>\n\t\t\t\t\t<\/div>\n\t\t<\/section>\n\t\t\t\t<\/div>","protected":false},"excerpt":{"rendered":"<p>My Account Dashboard Orders Downloads Addresses Payment Methods Account Details Log Out Hi Ainara C\u00e1mara Garayoa (not Ainara C\u00e1mara Garayoa? Log Out) From your account dashboard you can view your recent orders, manage your shipping and billing addresses, and edit your password and account details.<\/p>","protected":false},"author":2,"featured_media":0,"parent":0,"menu_order":0,"comment_status":"closed","ping_status":"closed","template":"","meta":{"footnotes":""},"class_list":["post-25","page","type-page","status-publish","hentry"],"yoast_head":"<!-- This site is optimized with the Yoast SEO plugin v27.5 - https:\/\/yoast.com\/product\/yoast-seo-wordpress\/ -->\n<title>Mi cuenta - sewmom<\/title>\n<meta name=\"robots\" content=\"index, follow, max-snippet:-1, max-image-preview:large, max-video-preview:-1\" \/>\n<link rel=\"canonical\" href=\"https:\/\/sewmom.es\/en\/mi-cuenta\/\" \/>\n<meta property=\"og:locale\" content=\"en_GB\" \/>\n<meta property=\"og:type\" content=\"article\" \/>\n<meta property=\"og:title\" content=\"Mi cuenta - sewmom\" \/>\n<meta property=\"og:description\" content=\"mi cuenta Escritorio Pedidos Descargas Direcciones M\u00e9todos de pago Detalles de la cuenta Cerrar sesi\u00f3n Hola Ainara C\u00e1mara Garayoa (\u00bfno eres Ainara C\u00e1mara Garayoa? Cerrar sesi\u00f3n) Desde el escritorio de tu cuenta puedes ver tus pedidos recientes, gestionar tus direcciones de env\u00edo y facturaci\u00f3n y editar tu contrase\u00f1a y los detalles de tu cuenta.\" \/>\n<meta property=\"og:url\" content=\"https:\/\/sewmom.es\/en\/mi-cuenta\/\" \/>\n<meta property=\"og:site_name\" content=\"sewmom\" \/>\n<meta property=\"article:modified_time\" content=\"2023-08-22T09:39:58+00:00\" \/>\n<meta name=\"twitter:card\" content=\"summary_large_image\" \/>\n<meta name=\"twitter:label1\" content=\"Estimated reading time\" \/>\n\t<meta name=\"twitter:data1\" content=\"2 minutes\" \/>\n<script type=\"application\/ld+json\" class=\"yoast-schema-graph\">{\"@context\":\"https:\\\/\\\/schema.org\",\"@graph\":[{\"@type\":\"WebPage\",\"@id\":\"https:\\\/\\\/sewmom.es\\\/mi-cuenta\\\/\",\"url\":\"https:\\\/\\\/sewmom.es\\\/mi-cuenta\\\/\",\"name\":\"Mi cuenta - sewmom\",\"isPartOf\":{\"@id\":\"https:\\\/\\\/sewmom.es\\\/#website\"},\"datePublished\":\"2023-06-12T19:44:30+00:00\",\"dateModified\":\"2023-08-22T09:39:58+00:00\",\"breadcrumb\":{\"@id\":\"https:\\\/\\\/sewmom.es\\\/mi-cuenta\\\/#breadcrumb\"},\"inLanguage\":\"en-GB\",\"potentialAction\":[{\"@type\":\"ReadAction\",\"target\":[\"https:\\\/\\\/sewmom.es\\\/mi-cuenta\\\/\"]}]},{\"@type\":\"BreadcrumbList\",\"@id\":\"https:\\\/\\\/sewmom.es\\\/mi-cuenta\\\/#breadcrumb\",\"itemListElement\":[{\"@type\":\"ListItem\",\"position\":1,\"name\":\"Portada\",\"item\":\"https:\\\/\\\/sewmom.es\\\/\"},{\"@type\":\"ListItem\",\"position\":2,\"name\":\"Mi cuenta\"}]},{\"@type\":\"WebSite\",\"@id\":\"https:\\\/\\\/sewmom.es\\\/#website\",\"url\":\"https:\\\/\\\/sewmom.es\\\/\",\"name\":\"sewmom\",\"description\":\"Ropa personalizada para beb&eacute;s\",\"publisher\":{\"@id\":\"https:\\\/\\\/sewmom.es\\\/#organization\"},\"potentialAction\":[{\"@type\":\"SearchAction\",\"target\":{\"@type\":\"EntryPoint\",\"urlTemplate\":\"https:\\\/\\\/sewmom.es\\\/?s={search_term_string}\"},\"query-input\":{\"@type\":\"PropertyValueSpecification\",\"valueRequired\":true,\"valueName\":\"search_term_string\"}}],\"inLanguage\":\"en-GB\"},{\"@type\":\"Organization\",\"@id\":\"https:\\\/\\\/sewmom.es\\\/#organization\",\"name\":\"sewmom\",\"url\":\"https:\\\/\\\/sewmom.es\\\/\",\"logo\":{\"@type\":\"ImageObject\",\"inLanguage\":\"en-GB\",\"@id\":\"https:\\\/\\\/sewmom.es\\\/#\\\/schema\\\/logo\\\/image\\\/\",\"url\":\"https:\\\/\\\/sewmom.es\\\/wp-content\\\/uploads\\\/2023\\\/06\\\/cropped-sewmom.png\",\"contentUrl\":\"https:\\\/\\\/sewmom.es\\\/wp-content\\\/uploads\\\/2023\\\/06\\\/cropped-sewmom.png\",\"width\":413,\"height\":118,\"caption\":\"sewmom\"},\"image\":{\"@id\":\"https:\\\/\\\/sewmom.es\\\/#\\\/schema\\\/logo\\\/image\\\/\"}}]}<\/script>\n<!-- \/ Yoast SEO plugin. -->","yoast_head_json":{"title":"Mi cuenta - sewmom","robots":{"index":"index","follow":"follow","max-snippet":"max-snippet:-1","max-image-preview":"max-image-preview:large","max-video-preview":"max-video-preview:-1"},"canonical":"https:\/\/sewmom.es\/en\/mi-cuenta\/","og_locale":"en_GB","og_type":"article","og_title":"Mi cuenta - sewmom","og_description":"mi cuenta Escritorio Pedidos Descargas Direcciones M\u00e9todos de pago Detalles de la cuenta Cerrar sesi\u00f3n Hola Ainara C\u00e1mara Garayoa (\u00bfno eres Ainara C\u00e1mara Garayoa? Cerrar sesi\u00f3n) Desde el escritorio de tu cuenta puedes ver tus pedidos recientes, gestionar tus direcciones de env\u00edo y facturaci\u00f3n y editar tu contrase\u00f1a y los detalles de tu cuenta.","og_url":"https:\/\/sewmom.es\/en\/mi-cuenta\/","og_site_name":"sewmom","article_modified_time":"2023-08-22T09:39:58+00:00","twitter_card":"summary_large_image","twitter_misc":{"Estimated reading time":"2 minutes"},"schema":{"@context":"https:\/\/schema.org","@graph":[{"@type":"WebPage","@id":"https:\/\/sewmom.es\/mi-cuenta\/","url":"https:\/\/sewmom.es\/mi-cuenta\/","name":"Mi cuenta - sewmom","isPartOf":{"@id":"https:\/\/sewmom.es\/#website"},"datePublished":"2023-06-12T19:44:30+00:00","dateModified":"2023-08-22T09:39:58+00:00","breadcrumb":{"@id":"https:\/\/sewmom.es\/mi-cuenta\/#breadcrumb"},"inLanguage":"en-GB","potentialAction":[{"@type":"ReadAction","target":["https:\/\/sewmom.es\/mi-cuenta\/"]}]},{"@type":"BreadcrumbList","@id":"https:\/\/sewmom.es\/mi-cuenta\/#breadcrumb","itemListElement":[{"@type":"ListItem","position":1,"name":"Portada","item":"https:\/\/sewmom.es\/"},{"@type":"ListItem","position":2,"name":"Mi cuenta"}]},{"@type":"WebSite","@id":"https:\/\/sewmom.es\/#website","url":"https:\/\/sewmom.es\/","name":"sewmom","description":"Ropa personalizada para beb&eacute;s","publisher":{"@id":"https:\/\/sewmom.es\/#organization"},"potentialAction":[{"@type":"SearchAction","target":{"@type":"EntryPoint","urlTemplate":"https:\/\/sewmom.es\/?s={search_term_string}"},"query-input":{"@type":"PropertyValueSpecification","valueRequired":true,"valueName":"search_term_string"}}],"inLanguage":"en-GB"},{"@type":"Organization","@id":"https:\/\/sewmom.es\/#organization","name":"sewmom","url":"https:\/\/sewmom.es\/","logo":{"@type":"ImageObject","inLanguage":"en-GB","@id":"https:\/\/sewmom.es\/#\/schema\/logo\/image\/","url":"https:\/\/sewmom.es\/wp-content\/uploads\/2023\/06\/cropped-sewmom.png","contentUrl":"https:\/\/sewmom.es\/wp-content\/uploads\/2023\/06\/cropped-sewmom.png","width":413,"height":118,"caption":"sewmom"},"image":{"@id":"https:\/\/sewmom.es\/#\/schema\/logo\/image\/"}}]}},"_links":{"self":[{"href":"https:\/\/sewmom.es\/en\/wp-json\/wp\/v2\/pages\/25","targetHints":{"allow":["GET"]}}],"collection":[{"href":"https:\/\/sewmom.es\/en\/wp-json\/wp\/v2\/pages"}],"about":[{"href":"https:\/\/sewmom.es\/en\/wp-json\/wp\/v2\/types\/page"}],"author":[{"embeddable":true,"href":"https:\/\/sewmom.es\/en\/wp-json\/wp\/v2\/users\/2"}],"replies":[{"embeddable":true,"href":"https:\/\/sewmom.es\/en\/wp-json\/wp\/v2\/comments?post=25"}],"version-history":[{"count":0,"href":"https:\/\/sewmom.es\/en\/wp-json\/wp\/v2\/pages\/25\/revisions"}],"wp:attachment":[{"href":"https:\/\/sewmom.es\/en\/wp-json\/wp\/v2\/media?parent=25"}],"curies":[{"name":"wp","href":"https:\/\/api.w.org\/{rel}","templated":true}]}}