{"id":26,"date":"2023-08-22T09:07:51","date_gmt":"2023-08-22T09:07:51","guid":{"rendered":"https:\/\/sewmom.es\/?page_id=26"},"modified":"2023-09-01T11:02:55","modified_gmt":"2023-09-01T11:02:55","slug":"reembolso_devoluciones","status":"publish","type":"page","link":"https:\/\/sewmom.es\/en\/reembolso_devoluciones\/","title":{"rendered":"Returns and Refunds Policy"},"content":{"rendered":"<div data-elementor-type=\"wp-page\" data-elementor-id=\"26\" class=\"elementor elementor-26\" data-elementor-post-type=\"page\">\n\t\t\t\t\t\t<section class=\"elementor-section elementor-top-section elementor-element elementor-element-5e3cd8b2 elementor-section-boxed elementor-section-height-default elementor-section-height-default\" data-id=\"5e3cd8b2\" data-element_type=\"section\" data-e-type=\"section\">\n\t\t\t\t\t\t<div class=\"elementor-container elementor-column-gap-default\">\n\t\t\t\t\t<div class=\"elementor-column elementor-col-100 elementor-top-column elementor-element elementor-element-8824b08\" data-id=\"8824b08\" data-element_type=\"column\" data-e-type=\"column\">\n\t\t\t<div class=\"elementor-widget-wrap elementor-element-populated\">\n\t\t\t\t\t\t<div class=\"elementor-element elementor-element-c053715 elementor-widget elementor-widget-text-editor\" data-id=\"c053715\" data-element_type=\"widget\" data-e-type=\"widget\" data-widget_type=\"text-editor.default\">\n\t\t\t\t<div class=\"elementor-widget-container\">\n\t\t\t\t\t\t\t\t\t<p data-pm-slice=\"1 1 []\"><strong>TAXES<\/strong><\/p><p>All prices include the value added tax (VAT) applicable in Spain.<\/p><p>\u00a0<\/p><p><strong>SHIPPING AND DELIVERY TIME<\/strong><\/p><p>\ud83d\udd39Shipping costs \u20ac6.30 free from \u20ac150<\/p><p>\ud83d\udd39Shipping costs to the Balearic and Canary Islands \u20ac9.8<\/p><p><b style=\"color: var( --e-global-color-text ); font-size: 1rem;\">\u00a0<\/b><\/p><p><b style=\"color: var( --e-global-color-text ); font-size: 1rem;\">RETURNS<\/b><\/p><p><span style=\"color: var( --e-global-color-text ); font-size: 1rem;\">Refunds will only be made for the garment if there is a manufacturing defect in the garment (in this case SewMom will be responsible for collecting the garment to verify the defect). Money will never be refunded for any other reason.<\/span><\/p><p>Once we have received the product with the defect and we have been able to verify it, the payment will be refunded within a period of less than 14 calendar days.<\/p><p>In the event of having to send the item back due to a size change, the customer will assume the shipping cost (indicating the size for which they want to change the product).<\/p><p>This return will only be accepted within 15 days after purchase.<\/p><p>Each garment is accompanied by its label which provides instructions for washing, drying and ironing.<\/p><p>It is important to follow all the instructions for proper preservation of the press.<\/p>\t\t\t\t\t\t\t\t<\/div>\n\t\t\t\t<\/div>\n\t\t\t\t\t<\/div>\n\t\t<\/div>\n\t\t\t\t\t<\/div>\n\t\t<\/section>\n\t\t\t\t<\/div>","protected":false},"excerpt":{"rendered":"<p>IMPUESTOS Todos los precios incluyen el impuesto sobre el valor a\u00f1adido (IVA) aplicable en Espa\u00f1a. \u00a0 ENVIO Y TIEMPO DE ENTREGA \ud83d\udd39Gastos de env\u00edo 6&#8217;30\u20ac gratis a partir de 150\u20ac \ud83d\udd39Gastos de env\u00edo Baleares y Canarias 9,8\u20ac \u00a0 DEVOLUCIONES \u00danicamente se realizar\u00e1 rembolso del importe de la prenda si existe una tara de producci\u00f3n de [&hellip;]<\/p>\n","protected":false},"author":2,"featured_media":0,"parent":0,"menu_order":0,"comment_status":"closed","ping_status":"closed","template":"","meta":{"footnotes":""},"class_list":["post-26","page","type-page","status-publish","hentry"],"yoast_head":"<!-- This site is optimized with the Yoast SEO plugin v27.5 - https:\/\/yoast.com\/product\/yoast-seo-wordpress\/ -->\n<title>Pol\u00edtica de devoluciones y reembolsos - sewmom<\/title>\n<meta name=\"robots\" content=\"index, follow, max-snippet:-1, max-image-preview:large, max-video-preview:-1\" \/>\n<link rel=\"canonical\" href=\"https:\/\/sewmom.es\/en\/reembolso_devoluciones\/\" \/>\n<meta property=\"og:locale\" content=\"en_GB\" \/>\n<meta property=\"og:type\" content=\"article\" \/>\n<meta property=\"og:title\" content=\"Pol\u00edtica de devoluciones y reembolsos - sewmom\" \/>\n<meta property=\"og:description\" content=\"IMPUESTOS Todos los precios incluyen el impuesto sobre el valor a\u00f1adido (IVA) aplicable en Espa\u00f1a. \u00a0 ENVIO Y TIEMPO DE ENTREGA \ud83d\udd39Gastos de env\u00edo 6&#8217;30\u20ac gratis a partir de 150\u20ac \ud83d\udd39Gastos de env\u00edo Baleares y Canarias 9,8\u20ac \u00a0 DEVOLUCIONES \u00danicamente se realizar\u00e1 rembolso del importe de la prenda si existe una tara de producci\u00f3n de [&hellip;]\" \/>\n<meta property=\"og:url\" content=\"https:\/\/sewmom.es\/en\/reembolso_devoluciones\/\" \/>\n<meta property=\"og:site_name\" content=\"sewmom\" \/>\n<meta property=\"article:modified_time\" content=\"2023-09-01T11:02:55+00:00\" \/>\n<meta name=\"twitter:card\" content=\"summary_large_image\" \/>\n<meta name=\"twitter:label1\" content=\"Estimated reading time\" \/>\n\t<meta name=\"twitter:data1\" content=\"1 minute\" \/>\n<script type=\"application\/ld+json\" class=\"yoast-schema-graph\">{\"@context\":\"https:\\\/\\\/schema.org\",\"@graph\":[{\"@type\":\"WebPage\",\"@id\":\"https:\\\/\\\/sewmom.es\\\/reembolso_devoluciones\\\/\",\"url\":\"https:\\\/\\\/sewmom.es\\\/reembolso_devoluciones\\\/\",\"name\":\"Pol\u00edtica de devoluciones y reembolsos - sewmom\",\"isPartOf\":{\"@id\":\"https:\\\/\\\/sewmom.es\\\/#website\"},\"datePublished\":\"2023-08-22T09:07:51+00:00\",\"dateModified\":\"2023-09-01T11:02:55+00:00\",\"breadcrumb\":{\"@id\":\"https:\\\/\\\/sewmom.es\\\/reembolso_devoluciones\\\/#breadcrumb\"},\"inLanguage\":\"en-GB\",\"potentialAction\":[{\"@type\":\"ReadAction\",\"target\":[\"https:\\\/\\\/sewmom.es\\\/reembolso_devoluciones\\\/\"]}]},{\"@type\":\"BreadcrumbList\",\"@id\":\"https:\\\/\\\/sewmom.es\\\/reembolso_devoluciones\\\/#breadcrumb\",\"itemListElement\":[{\"@type\":\"ListItem\",\"position\":1,\"name\":\"Portada\",\"item\":\"https:\\\/\\\/sewmom.es\\\/\"},{\"@type\":\"ListItem\",\"position\":2,\"name\":\"Pol\u00edtica de devoluciones y reembolsos\"}]},{\"@type\":\"WebSite\",\"@id\":\"https:\\\/\\\/sewmom.es\\\/#website\",\"url\":\"https:\\\/\\\/sewmom.es\\\/\",\"name\":\"sewmom\",\"description\":\"Ropa personalizada para beb&eacute;s\",\"publisher\":{\"@id\":\"https:\\\/\\\/sewmom.es\\\/#organization\"},\"potentialAction\":[{\"@type\":\"SearchAction\",\"target\":{\"@type\":\"EntryPoint\",\"urlTemplate\":\"https:\\\/\\\/sewmom.es\\\/?s={search_term_string}\"},\"query-input\":{\"@type\":\"PropertyValueSpecification\",\"valueRequired\":true,\"valueName\":\"search_term_string\"}}],\"inLanguage\":\"en-GB\"},{\"@type\":\"Organization\",\"@id\":\"https:\\\/\\\/sewmom.es\\\/#organization\",\"name\":\"sewmom\",\"url\":\"https:\\\/\\\/sewmom.es\\\/\",\"logo\":{\"@type\":\"ImageObject\",\"inLanguage\":\"en-GB\",\"@id\":\"https:\\\/\\\/sewmom.es\\\/#\\\/schema\\\/logo\\\/image\\\/\",\"url\":\"https:\\\/\\\/sewmom.es\\\/wp-content\\\/uploads\\\/2023\\\/06\\\/cropped-sewmom.png\",\"contentUrl\":\"https:\\\/\\\/sewmom.es\\\/wp-content\\\/uploads\\\/2023\\\/06\\\/cropped-sewmom.png\",\"width\":413,\"height\":118,\"caption\":\"sewmom\"},\"image\":{\"@id\":\"https:\\\/\\\/sewmom.es\\\/#\\\/schema\\\/logo\\\/image\\\/\"}}]}<\/script>\n<!-- \/ Yoast SEO plugin. -->","yoast_head_json":{"title":"Pol\u00edtica de devoluciones y reembolsos - sewmom","robots":{"index":"index","follow":"follow","max-snippet":"max-snippet:-1","max-image-preview":"max-image-preview:large","max-video-preview":"max-video-preview:-1"},"canonical":"https:\/\/sewmom.es\/en\/reembolso_devoluciones\/","og_locale":"en_GB","og_type":"article","og_title":"Pol\u00edtica de devoluciones y reembolsos - sewmom","og_description":"IMPUESTOS Todos los precios incluyen el impuesto sobre el valor a\u00f1adido (IVA) aplicable en Espa\u00f1a. \u00a0 ENVIO Y TIEMPO DE ENTREGA \ud83d\udd39Gastos de env\u00edo 6&#8217;30\u20ac gratis a partir de 150\u20ac \ud83d\udd39Gastos de env\u00edo Baleares y Canarias 9,8\u20ac \u00a0 DEVOLUCIONES \u00danicamente se realizar\u00e1 rembolso del importe de la prenda si existe una tara de producci\u00f3n de [&hellip;]","og_url":"https:\/\/sewmom.es\/en\/reembolso_devoluciones\/","og_site_name":"sewmom","article_modified_time":"2023-09-01T11:02:55+00:00","twitter_card":"summary_large_image","twitter_misc":{"Estimated reading time":"1 minute"},"schema":{"@context":"https:\/\/schema.org","@graph":[{"@type":"WebPage","@id":"https:\/\/sewmom.es\/reembolso_devoluciones\/","url":"https:\/\/sewmom.es\/reembolso_devoluciones\/","name":"Pol\u00edtica de devoluciones y reembolsos - sewmom","isPartOf":{"@id":"https:\/\/sewmom.es\/#website"},"datePublished":"2023-08-22T09:07:51+00:00","dateModified":"2023-09-01T11:02:55+00:00","breadcrumb":{"@id":"https:\/\/sewmom.es\/reembolso_devoluciones\/#breadcrumb"},"inLanguage":"en-GB","potentialAction":[{"@type":"ReadAction","target":["https:\/\/sewmom.es\/reembolso_devoluciones\/"]}]},{"@type":"BreadcrumbList","@id":"https:\/\/sewmom.es\/reembolso_devoluciones\/#breadcrumb","itemListElement":[{"@type":"ListItem","position":1,"name":"Portada","item":"https:\/\/sewmom.es\/"},{"@type":"ListItem","position":2,"name":"Pol\u00edtica de devoluciones y reembolsos"}]},{"@type":"WebSite","@id":"https:\/\/sewmom.es\/#website","url":"https:\/\/sewmom.es\/","name":"sewmom","description":"Ropa personalizada para beb&eacute;s","publisher":{"@id":"https:\/\/sewmom.es\/#organization"},"potentialAction":[{"@type":"SearchAction","target":{"@type":"EntryPoint","urlTemplate":"https:\/\/sewmom.es\/?s={search_term_string}"},"query-input":{"@type":"PropertyValueSpecification","valueRequired":true,"valueName":"search_term_string"}}],"inLanguage":"en-GB"},{"@type":"Organization","@id":"https:\/\/sewmom.es\/#organization","name":"sewmom","url":"https:\/\/sewmom.es\/","logo":{"@type":"ImageObject","inLanguage":"en-GB","@id":"https:\/\/sewmom.es\/#\/schema\/logo\/image\/","url":"https:\/\/sewmom.es\/wp-content\/uploads\/2023\/06\/cropped-sewmom.png","contentUrl":"https:\/\/sewmom.es\/wp-content\/uploads\/2023\/06\/cropped-sewmom.png","width":413,"height":118,"caption":"sewmom"},"image":{"@id":"https:\/\/sewmom.es\/#\/schema\/logo\/image\/"}}]}},"_links":{"self":[{"href":"https:\/\/sewmom.es\/en\/wp-json\/wp\/v2\/pages\/26","targetHints":{"allow":["GET"]}}],"collection":[{"href":"https:\/\/sewmom.es\/en\/wp-json\/wp\/v2\/pages"}],"about":[{"href":"https:\/\/sewmom.es\/en\/wp-json\/wp\/v2\/types\/page"}],"author":[{"embeddable":true,"href":"https:\/\/sewmom.es\/en\/wp-json\/wp\/v2\/users\/2"}],"replies":[{"embeddable":true,"href":"https:\/\/sewmom.es\/en\/wp-json\/wp\/v2\/comments?post=26"}],"version-history":[{"count":2,"href":"https:\/\/sewmom.es\/en\/wp-json\/wp\/v2\/pages\/26\/revisions"}],"predecessor-version":[{"id":786,"href":"https:\/\/sewmom.es\/en\/wp-json\/wp\/v2\/pages\/26\/revisions\/786"}],"wp:attachment":[{"href":"https:\/\/sewmom.es\/en\/wp-json\/wp\/v2\/media?parent=26"}],"curies":[{"name":"wp","href":"https:\/\/api.w.org\/{rel}","templated":true}]}}