{"id":27,"date":"2023-06-12T21:40:58","date_gmt":"2023-06-12T21:40:58","guid":{"rendered":"https:\/\/sewmom.es\/?page_id=27"},"modified":"2023-08-30T09:50:59","modified_gmt":"2023-08-30T09:50:59","slug":"politica-de-cookies-ue","status":"publish","type":"page","link":"https:\/\/sewmom.es\/en\/politica-de-cookies-ue\/","title":{"rendered":"Cookie Policy (EU)"},"content":{"rendered":"<div data-elementor-type=\"wp-page\" data-elementor-id=\"27\" class=\"elementor elementor-27\" data-elementor-post-type=\"page\">\n\t\t\t\t\t\t<section class=\"elementor-section elementor-top-section elementor-element elementor-element-3cd48797 elementor-section-boxed elementor-section-height-default elementor-section-height-default\" data-id=\"3cd48797\" data-element_type=\"section\" data-e-type=\"section\">\n\t\t\t\t\t\t<div class=\"elementor-container elementor-column-gap-default\">\n\t\t\t\t\t<div class=\"elementor-column elementor-col-100 elementor-top-column elementor-element elementor-element-3196af64\" data-id=\"3196af64\" data-element_type=\"column\" data-e-type=\"column\">\n\t\t\t<div class=\"elementor-widget-wrap elementor-element-populated\">\n\t\t\t\t\t\t<div class=\"elementor-element elementor-element-481964b6 elementor-widget elementor-widget-text-editor\" data-id=\"481964b6\" data-element_type=\"widget\" data-e-type=\"widget\" data-widget_type=\"text-editor.default\">\n\t\t\t\t<div class=\"elementor-widget-container\">\n\t\t\t\t\t\t\t\t\t<section data-id=\"f0745ce\" data-element_type=\"section\">\n<div>\n<div data-id=\"1d9f773a\" data-element_type=\"column\">\n<div>\n<div data-id=\"145b27b2\" data-element_type=\"widget\" data-widget_type=\"shortcode.default\">\n<div>\n<div>\n<div>\n<p><i>This Cookie Policy was last updated on February 1, 2023 and applies to citizens and legal permanent residents of the European Economic Area and Switzerland.<\/i><\/p>\n<h2>1. Introduction<\/h2>\n<p>Our website, https:\/\/sewmom.es (hereinafter: &quot;the website&quot;) uses cookies and other related technologies (for convenience all technologies are referred to as &quot;cookies&quot;). Cookies are also placed by third parties we have engaged. In the following document we inform you about the use of cookies on our website.<\/p>\n<h2>2. What are cookies?<\/h2>\n<p>A cookie is a small file that is sent along with pages of this website and stored by your browser on the hard drive of your computer or other device. The stored information may be returned to our servers or to the servers of appropriate third parties during a subsequent visit.<\/p>\n<h2>3. What are scripts?<\/h2>\n<p>A script is a piece of program code that is used to make our website work correctly and interactively. This code is executed on our server or on your device.<\/p>\n<h2>4. What is a web beacon?<\/h2>\n<p>A web beacon (or pixel tag) is a small, invisible piece of text or image on a website that is used to monitor website traffic. In order to do this, various data about you is stored using these web beacons.<\/p>\n<h2>5. Cookies<\/h2>\n<p>5.1 Technical or functional cookies<\/p>\n<p>Some cookies ensure that certain parts of the website work properly and that your user preferences remain known. By placing functional cookies, we make it easier for you to visit our website. This way, you do not need to repeatedly enter the same information when visiting our website and, for example, the items remain in your shopping cart until you have paid. We may place these cookies without your consent.<\/p>\n<p>5.2 Statistics cookies<\/p>\n<p>We use statistical cookies to optimize the website experience for our users. With these statistical cookies we obtain information about the use of our website. We ask your permission to place statistical cookies.<\/p>\n<p>5.3 Marketing\/Tracking Cookies<\/p>\n<p>Marketing\/tracking cookies are cookies or any other form of local storage, used to create user profiles to display advertising or to track the user on this website or across several websites for similar marketing purposes.<\/p>\n<p>5.4 Social networks<\/p>\n<p>We have included content from Facebook on our website to promote websites (e.g. &quot;Like&quot;, &quot;Pin&quot;) or share (e.g. &quot;Tweet&quot;) on social networks like Facebook. This content is embedded with code derived from Facebook and stores cookies. This content may process certain information for personalized ads.<\/p>\n<p>Please read the privacy policy of these social networks (which may change frequently) to find out what they do with your (personal) data that they process using these cookies. The data they receive is anonymized as much as possible. Facebook is located in the United States.<\/p>\n<h2>6. Cookies used<\/h2>\n<div>\n<details>\n<div>\n<h3>Google Fonts<\/h3>\n<p>Marketing\/Tracking<\/p>\n<p><label for=\"cmplz_service_google-fonts\"><span>Consent to service google-fonts<\/span><\/label><\/p>\n<\/div>\n<div>\n<h4><\/h4>\n<p>&nbsp;<\/p>\n<\/div>\n<div>\n<h4><\/h4>\n<p>&nbsp;<\/p>\n<\/div>\n<div>\n<div>\n<h4><\/h4>\n<\/div>\n<div>\n<h5><\/h5>\n<\/div>\n<div><\/div>\n<div>\n<h5><\/h5>\n<\/div>\n<div><\/div>\n<div>\n<h5><\/h5>\n<\/div>\n<div><\/div>\n<\/div>\n<\/details>\n<details>\n<div>\n<h3>Facebook<\/h3>\n<p>Marketing\/Tracking, Functional<\/p>\n<p><label for=\"cmplz_service_facebook\"><span>Consent to service facebook<\/span><\/label><\/p>\n<\/div>\n<div>\n<h4><\/h4>\n<p>&nbsp;<\/p>\n<\/div>\n<div>\n<h4><\/h4>\n<p>&nbsp;<\/p>\n<\/div>\n<div>\n<div>\n<h4><\/h4>\n<\/div>\n<div>\n<h5><\/h5>\n<\/div>\n<div><\/div>\n<div>\n<h5><\/h5>\n<\/div>\n<div><\/div>\n<div>\n<h5><\/h5>\n<\/div>\n<div><\/div>\n<div>\n<h5><\/h5>\n<\/div>\n<div><\/div>\n<div>\n<h5><\/h5>\n<\/div>\n<div><\/div>\n<div>\n<h5><\/h5>\n<\/div>\n<div><\/div>\n<div>\n<h5><\/h5>\n<\/div>\n<div><\/div>\n<div>\n<h5><\/h5>\n<\/div>\n<div><\/div>\n<div>\n<h5><\/h5>\n<\/div>\n<div><\/div>\n<div>\n<h5><\/h5>\n<\/div>\n<div><\/div>\n<div>\n<h5><\/h5>\n<\/div>\n<div><\/div>\n<div>\n<h5><\/h5>\n<\/div>\n<div><\/div>\n<div>\n<h5><\/h5>\n<\/div>\n<div><\/div>\n<div>\n<h5><\/h5>\n<\/div>\n<div><\/div>\n<div>\n<h5><\/h5>\n<\/div>\n<div><\/div>\n<div>\n<h5><\/h5>\n<\/div>\n<div><\/div>\n<div>\n<h5><\/h5>\n<\/div>\n<div><\/div>\n<div>\n<h5><\/h5>\n<\/div>\n<div><\/div>\n<div>\n<h5><\/h5>\n<\/div>\n<div><\/div>\n<div>\n<h5><\/h5>\n<\/div>\n<div><\/div>\n<div>\n<h5><\/h5>\n<\/div>\n<div><\/div>\n<div>\n<h5><\/h5>\n<\/div>\n<div><\/div>\n<div>\n<h5><\/h5>\n<\/div>\n<div><\/div>\n<div>\n<h5><\/h5>\n<\/div>\n<div><\/div>\n<div>\n<h5><\/h5>\n<\/div>\n<div><\/div>\n<div>\n<h5><\/h5>\n<\/div>\n<div><\/div>\n<div>\n<h5><\/h5>\n<\/div>\n<div><\/div>\n<div>\n<h5><\/h5>\n<\/div>\n<div><\/div>\n<div>\n<h5><\/h5>\n<\/div>\n<div><\/div>\n<div>\n<h5><\/h5>\n<\/div>\n<div><\/div>\n<\/div>\n<div>\n<div>\n<h4><\/h4>\n<\/div>\n<div>\n<h5><\/h5>\n<\/div>\n<div><\/div>\n<div>\n<h5><\/h5>\n<\/div>\n<div><\/div>\n<div>\n<h5><\/h5>\n<\/div>\n<div><\/div>\n<div>\n<h5><\/h5>\n<\/div>\n<div><\/div>\n<div>\n<h5><\/h5>\n<\/div>\n<div><\/div>\n<div>\n<h5><\/h5>\n<\/div>\n<div><\/div>\n<div>\n<h5><\/h5>\n<\/div>\n<div><\/div>\n<div>\n<h5><\/h5>\n<\/div>\n<div><\/div>\n<div>\n<h5><\/h5>\n<\/div>\n<div><\/div>\n<\/div>\n<\/details>\n<details>\n<div>\n<h3>Several<\/h3>\n<p>Purpose pending investigation<\/p>\n<p><label for=\"cmplz_service_varios\"><span>Consent to service various<\/span><\/label><\/p>\n<\/div>\n<div>\n<h4><\/h4>\n<p>&nbsp;<\/p>\n<\/div>\n<div>\n<h4><\/h4>\n<p>&nbsp;<\/p>\n<\/div>\n<div>\n<div>\n<h4><\/h4>\n<\/div>\n<div>\n<h5><\/h5>\n<\/div>\n<div><\/div>\n<div>\n<h5><\/h5>\n<\/div>\n<div><\/div>\n<div>\n<h5><\/h5>\n<\/div>\n<div><\/div>\n<div>\n<h5><\/h5>\n<\/div>\n<div><\/div>\n<div>\n<h5><\/h5>\n<\/div>\n<div><\/div>\n<div>\n<h5><\/h5>\n<\/div>\n<div><\/div>\n<div>\n<h5><\/h5>\n<\/div>\n<div><\/div>\n<div>\n<h5><\/h5>\n<\/div>\n<div><\/div>\n<div>\n<h5><\/h5>\n<\/div>\n<div><\/div>\n<div>\n<h5><\/h5>\n<\/div>\n<div><\/div>\n<div>\n<h5><\/h5>\n<\/div>\n<div><\/div>\n<div>\n<h5><\/h5>\n<\/div>\n<div><\/div>\n<div>\n<h5><\/h5>\n<\/div>\n<div><\/div>\n<div>\n<h5><\/h5>\n<\/div>\n<div><\/div>\n<div>\n<h5><\/h5>\n<\/div>\n<div><\/div>\n<div>\n<h5><\/h5>\n<\/div>\n<div><\/div>\n<div>\n<h5><\/h5>\n<\/div>\n<div><\/div>\n<div>\n<h5><\/h5>\n<\/div>\n<div><\/div>\n<div>\n<h5><\/h5>\n<\/div>\n<div><\/div>\n<div>\n<h5><\/h5>\n<\/div>\n<div><\/div>\n<div>\n<h5><\/h5>\n<\/div>\n<div><\/div>\n<div>\n<h5><\/h5>\n<\/div>\n<div><\/div>\n<div>\n<h5><\/h5>\n<\/div>\n<div><\/div>\n<div>\n<h5><\/h5>\n<\/div>\n<div><\/div>\n<div>\n<h5><\/h5>\n<\/div>\n<div><\/div>\n<div>\n<h5><\/h5>\n<\/div>\n<div><\/div>\n<div>\n<h5><\/h5>\n<\/div>\n<div><\/div>\n<div>\n<h5><\/h5>\n<\/div>\n<div><\/div>\n<div>\n<h5><\/h5>\n<\/div>\n<div><\/div>\n<div>\n<h5><\/h5>\n<\/div>\n<div><\/div>\n<div>\n<h5><\/h5>\n<\/div>\n<div><\/div>\n<div>\n<h5><\/h5>\n<\/div>\n<div><\/div>\n<div>\n<h5><\/h5>\n<\/div>\n<div><\/div>\n<div>\n<h5><\/h5>\n<\/div>\n<div><\/div>\n<div>\n<h5><\/h5>\n<\/div>\n<div><\/div>\n<div>\n<h5><\/h5>\n<\/div>\n<div><\/div>\n<div>\n<h5><\/h5>\n<\/div>\n<div><\/div>\n<div>\n<h5><\/h5>\n<\/div>\n<div><\/div>\n<div>\n<h5><\/h5>\n<\/div>\n<div><\/div>\n<div>\n<h5><\/h5>\n<\/div>\n<div><\/div>\n<div>\n<h5><\/h5>\n<\/div>\n<div><\/div>\n<div>\n<h5><\/h5>\n<\/div>\n<div><\/div>\n<div>\n<h5><\/h5>\n<\/div>\n<div><\/div>\n<div>\n<h5><\/h5>\n<\/div>\n<div><\/div>\n<div>\n<h5><\/h5>\n<\/div>\n<div><\/div>\n<div>\n<h5><\/h5>\n<\/div>\n<div><\/div>\n<div>\n<h5><\/h5>\n<\/div>\n<div><\/div>\n<div>\n<h5><\/h5>\n<\/div>\n<div><\/div>\n<div>\n<h5><\/h5>\n<\/div>\n<div><\/div>\n<div>\n<h5><\/h5>\n<\/div>\n<div><\/div>\n<div>\n<h5><\/h5>\n<\/div>\n<div><\/div>\n<div>\n<h5><\/h5>\n<\/div>\n<div><\/div>\n<div>\n<h5><\/h5>\n<\/div>\n<div><\/div>\n<div>\n<h5><\/h5>\n<\/div>\n<div><\/div>\n<div>\n<h5><\/h5>\n<\/div>\n<div><\/div>\n<div>\n<h5><\/h5>\n<\/div>\n<div><\/div>\n<div>\n<h5><\/h5>\n<\/div>\n<div><\/div>\n<div>\n<h5><\/h5>\n<\/div>\n<div><\/div>\n<div>\n<h5><\/h5>\n<\/div>\n<div><\/div>\n<div>\n<h5><\/h5>\n<\/div>\n<div><\/div>\n<div>\n<h5><\/h5>\n<\/div>\n<div><\/div>\n<div>\n<h5><\/h5>\n<\/div>\n<div><\/div>\n<div>\n<h5><\/h5>\n<\/div>\n<div><\/div>\n<div>\n<h5><\/h5>\n<\/div>\n<div><\/div>\n<div>\n<h5><\/h5>\n<\/div>\n<div><\/div>\n<div>\n<h5><\/h5>\n<\/div>\n<div><\/div>\n<\/div>\n<\/details>\n<\/div>\n<h2>7. Consent<\/h2>\n<p>When you visit our website for the first time, we will show you a pop-up with an explanation about cookies. As soon as you click on &quot;Accept&quot;, you agree to our use of all cookies and plugins as described in the pop-up and in this cookie policy. You can deactivate the use of cookies via your browser, but please note that our website may no longer function properly.<\/p>\n<p>7.1 Manage your consent settings<\/p>\n<div>\n<div>\n<details>\n<summary><span><span>Functional<\/span><span>Always active<\/span><\/span><\/summary>\n<div><\/div>\n<\/details>\n<details>\n<summary><span><span>Statistics<\/span><span><input size=\"40\" type=\"checkbox\" value=\"1\" data-category=\"cmplz_statistics\"><label tabindex=\"0\" for=\"cmplz-statistics-optin\"><span>Statistics<\/span><\/label><\/span><\/span><\/summary>\n<div><\/div>\n<\/details>\n<details>\n<summary><span><span>Marketing<\/span><span><input size=\"40\" type=\"checkbox\" value=\"1\" data-category=\"cmplz_marketing\"><label tabindex=\"0\" for=\"cmplz-marketing-optin\"><span>Marketing<\/span><\/label><\/span><\/span><\/summary>\n<div><\/div>\n<\/details>\n<\/div>\n<\/div>\n<h2>8. Activation\/deactivation and deletion of cookies<\/h2>\n<p>You can use your Internet browser to automatically or manually delete cookies. You can also specify that certain cookies may not be placed. Another option is to change the settings of your Internet browser so that you receive a message each time a cookie is placed. For more information about these options, please refer to the instructions in the \u201cHelp\u201d section of your browser.<\/p>\n<p>Please note that our website may not function properly if all cookies are disabled. If you delete cookies from your browser, they will be placed again after your consent when you visit our websites again.<\/p>\n<h2>9. Your rights regarding personal data<\/h2>\n<p>You have the following rights with respect to your personal data:<\/p>\n<ul>\n<li>You have the right to know why your personal data is needed, what will happen to it and how long it will be retained.<\/li>\n<li>Right of access: You have the right to access your personal data that we know about.<\/li>\n<li>Right to rectification: you have the right to complete, rectify, erase or block your personal data whenever you wish.<\/li>\n<li>If you give us your consent to process your data, you have the right to revoke that consent and have your personal data deleted.<\/li>\n<li>Right to transfer your data: you have the right to request all your personal data from the data controller and to transfer it in its entirety to another data controller.<\/li>\n<li>Right to object: You may object to the processing of your data. We comply with this unless there are compelling reasons for the processing.<\/li>\n<\/ul>\n<p>To exercise these rights, please contact us. Please see the contact details at the bottom of this cookie policy. If you have a complaint about how we handle your data, we would like to hear from you, but you also have the right to submit a complaint to the supervisory authority (the data protection authority).<\/p>\n<h2>10. Contact information<\/h2>\n<p>For questions and\/or comments about our cookie policy and this statement, please contact us using the following contact information:<\/p>\n<p data-pm-slice=\"1 1 []\">Noelia Pallares Magana<br><span style=\"color: var( --e-global-color-text ); font-size: 1rem;\">Montserrat Monastery<\/span><\/p><p><br><span>Spain<\/span><br>Web: https:\/\/sewmom.es\/<br><br><\/p>\n<p>This cookie policy has been synchronized with&nbsp;<a href=\"https:\/\/cookiedatabase.org\/\" target=\"_blank\" rel=\"noopener\">cookiedatabase.org<\/a>&nbsp;February 1, 2023.<\/p>\n<\/div>\n<\/div>\n<\/div>\n<\/div>\n<\/div>\n<\/div>\n<\/div>\n<\/section>\n<section data-id=\"b4237f2\" data-element_type=\"section\">\n<div>\n<div data-id=\"2a42689\" data-element_type=\"column\">\n<div>\n<div data-id=\"3e449cd\" data-element_type=\"widget\" data-widget_type=\"text-editor.default\">\n<div>\n<h5>11. \u201cSewMom\u201d reports<\/h5>\n<h6>That the website uses the following cookies in the domain aclinicosteopatia.com:<\/h6>\n<p><span><b>Necessary cookies:<\/b><\/span>&nbsp;Necessary cookies help make a website usable by enabling basic functions like page navigation and access to secure areas of the website. The website cannot function properly without these cookies.<\/p>\n<table cellspacing=\"0\" cellpadding=\"0\">\n<tbody>\n<tr>\n<td valign=\"top\">\n<p><strong>Domain<\/strong><\/p>\n<\/td>\n<td valign=\"top\">\n<p><strong>Ownership<\/strong><\/p>\n<\/td>\n<td valign=\"top\">\n<p><strong>Name<\/strong><\/p>\n<\/td>\n<td valign=\"top\">\n<p><strong>Function<\/strong><\/p>\n<\/td>\n<td valign=\"top\">\n<p><strong>Guy<\/strong><\/p>\n<\/td>\n<td valign=\"top\">\n<p><strong>Duration<\/strong><\/p>\n<\/td>\n<\/tr>\n<tr>\n<td valign=\"top\">\n<p>aclinicosteopatia.com<\/p>\n<\/td>\n<td valign=\"top\">\n<p>\u201cACLINIC\u201d<\/p>\n<\/td>\n<td valign=\"top\">\n<p>elementor<\/p>\n<\/td>\n<td valign=\"top\">\n<p>Used in context with the website&#039;s WordPress theme. The cookie allows the website owner to implement or change website content in real-time.<\/p>\n<\/td>\n<td valign=\"top\">\n<p>html<\/p>\n<\/td>\n<td valign=\"top\">\n<p>Persistent<\/p>\n<\/td>\n<\/tr>\n<\/tbody>\n<\/table>\n<p>For more information on how to manage cookies, please consult the following links:<\/p>\n<ul>\n<li><span>Chrome from here:&nbsp;<a href=\"http:\/\/support.google.com\/chrome\/bin\/answer.py?hl=es&amp;answer=95647\"><span>http:\/\/support.google.com\/chrome\/bin\/answer.py?hl=es&amp;answer=95647<\/span><\/a><\/span><\/li>\n<li><span>Firefox from here:&nbsp;<a href=\"http:\/\/support.mozilla.org\/es\/kb\/habilitar-y-deshabilitar-cookies-que-los-sitios-we\"><span>http:\/\/support.mozilla.org\/es\/kb\/habilitar-y-deshabilitar-cookies-que-los-sitios-we<\/span><\/a><\/span><\/li>\n<li><span>Explorer from here:&nbsp;<a href=\"https:\/\/support.microsoft.com\/es-es\/help\/17442\/windows-internet-explorer-delete-manage-cookies\"><span>https:\/\/support.microsoft.com\/es-es\/help\/17442\/windows-internet-explorer-delete-manage-cookies<\/span><\/a><\/span><\/li>\n<li><span>Safari from here:&nbsp;<a href=\"http:\/\/support.apple.com\/kb\/ph5042\"><span>http:\/\/support.apple.com\/kb\/ph5042<\/span><\/a><\/span><\/li>\n<li><span>Operate from here:&nbsp;<a href=\"http:\/\/help.opera.com\/Windows\/11.50\/es-ES\/cookies.html\"><span>http:\/\/help.opera.com\/Windows\/11.50\/es-ES\/cookies.html<\/span><\/a><\/span><\/li>\n<\/ul>\n<p>THIRD PARTY SERVICES<\/p>\n<p>Additionally, \u201cAcl\u00ednic Osteopat\u00eda\u201d is present on portals for which, if you wish to know the conditions of privacy and use of cookies, you should consult the policies provided by them:<\/p>\n<ul>\n<li>Facebook: https:\/\/www.facebook.com\/policies\/cookies\/<\/li>\n<li>Twitter: https:\/\/twitter.com\/privacy<\/li>\n<li>Youtube: https:\/\/policies.google.com\/technologies\/cookies?hl=es<\/li>\n<li>Linkedin: http:\/\/www.linkedin.com\/legal\/privacy-policy<\/li>\n<li>Google: https:\/\/policies.google.com\/technologies\/cookies?hl=es<\/li>\n<li>Instagram: https:\/\/help.instagram.com\/<\/li>\n<\/ul>\n<\/div>\n<\/div>\n<\/div>\n<\/div>\n<\/div>\n<\/section>\t\t\t\t\t\t\t\t<\/div>\n\t\t\t\t<\/div>\n\t\t\t\t\t<\/div>\n\t\t<\/div>\n\t\t\t\t\t<\/div>\n\t\t<\/section>\n\t\t\t\t<\/div>","protected":false},"excerpt":{"rendered":"<p>Esta pol\u00edtica de cookies fue actualizada por \u00faltima vez el 1 de febrero de 2023 y se aplica a los ciudadanos y residentes legales permanentes del Espacio Econ\u00f3mico Europeo y Suiza. 1. Introducci\u00f3n Nuestra web,&nbsp;https:\/\/sewmom.es&nbsp;(en adelante: \u00abla web\u00bb) utiliza cookies y otras tecnolog\u00edas relacionadas (para mayor comodidad, todas las tecnolog\u00edas se denominan \u00abcookies\u00bb). Las cookies [&hellip;]<\/p>\n","protected":false},"author":2,"featured_media":0,"parent":0,"menu_order":0,"comment_status":"closed","ping_status":"closed","template":"","meta":{"footnotes":""},"class_list":["post-27","page","type-page","status-publish","hentry"],"yoast_head":"<!-- This site is optimized with the Yoast SEO plugin v27.5 - https:\/\/yoast.com\/product\/yoast-seo-wordpress\/ -->\n<title>Pol\u00edtica de cookies (UE) - sewmom<\/title>\n<meta name=\"robots\" content=\"index, follow, max-snippet:-1, max-image-preview:large, max-video-preview:-1\" \/>\n<link rel=\"canonical\" href=\"https:\/\/sewmom.es\/en\/politica-de-cookies-ue\/\" \/>\n<meta property=\"og:locale\" content=\"en_GB\" \/>\n<meta property=\"og:type\" content=\"article\" \/>\n<meta property=\"og:title\" content=\"Pol\u00edtica de cookies (UE) - sewmom\" \/>\n<meta property=\"og:description\" content=\"Esta pol\u00edtica de cookies fue actualizada por \u00faltima vez el 1 de febrero de 2023 y se aplica a los ciudadanos y residentes legales permanentes del Espacio Econ\u00f3mico Europeo y Suiza. 1. Introducci\u00f3n Nuestra web,&nbsp;https:\/\/sewmom.es&nbsp;(en adelante: \u00abla web\u00bb) utiliza cookies y otras tecnolog\u00edas relacionadas (para mayor comodidad, todas las tecnolog\u00edas se denominan \u00abcookies\u00bb). Las cookies [&hellip;]\" \/>\n<meta property=\"og:url\" content=\"https:\/\/sewmom.es\/en\/politica-de-cookies-ue\/\" \/>\n<meta property=\"og:site_name\" content=\"sewmom\" \/>\n<meta property=\"article:modified_time\" content=\"2023-08-30T09:50:59+00:00\" \/>\n<meta name=\"twitter:card\" content=\"summary_large_image\" \/>\n<meta name=\"twitter:label1\" content=\"Estimated reading time\" \/>\n\t<meta name=\"twitter:data1\" content=\"6 minutes\" \/>\n<script type=\"application\/ld+json\" class=\"yoast-schema-graph\">{\"@context\":\"https:\\\/\\\/schema.org\",\"@graph\":[{\"@type\":\"WebPage\",\"@id\":\"https:\\\/\\\/sewmom.es\\\/politica-de-cookies-ue\\\/\",\"url\":\"https:\\\/\\\/sewmom.es\\\/politica-de-cookies-ue\\\/\",\"name\":\"Pol\u00edtica de cookies (UE) - sewmom\",\"isPartOf\":{\"@id\":\"https:\\\/\\\/sewmom.es\\\/#website\"},\"datePublished\":\"2023-06-12T21:40:58+00:00\",\"dateModified\":\"2023-08-30T09:50:59+00:00\",\"breadcrumb\":{\"@id\":\"https:\\\/\\\/sewmom.es\\\/politica-de-cookies-ue\\\/#breadcrumb\"},\"inLanguage\":\"en-GB\",\"potentialAction\":[{\"@type\":\"ReadAction\",\"target\":[\"https:\\\/\\\/sewmom.es\\\/politica-de-cookies-ue\\\/\"]}]},{\"@type\":\"BreadcrumbList\",\"@id\":\"https:\\\/\\\/sewmom.es\\\/politica-de-cookies-ue\\\/#breadcrumb\",\"itemListElement\":[{\"@type\":\"ListItem\",\"position\":1,\"name\":\"Portada\",\"item\":\"https:\\\/\\\/sewmom.es\\\/\"},{\"@type\":\"ListItem\",\"position\":2,\"name\":\"Pol\u00edtica de cookies (UE)\"}]},{\"@type\":\"WebSite\",\"@id\":\"https:\\\/\\\/sewmom.es\\\/#website\",\"url\":\"https:\\\/\\\/sewmom.es\\\/\",\"name\":\"sewmom\",\"description\":\"Ropa personalizada para beb&eacute;s\",\"publisher\":{\"@id\":\"https:\\\/\\\/sewmom.es\\\/#organization\"},\"potentialAction\":[{\"@type\":\"SearchAction\",\"target\":{\"@type\":\"EntryPoint\",\"urlTemplate\":\"https:\\\/\\\/sewmom.es\\\/?s={search_term_string}\"},\"query-input\":{\"@type\":\"PropertyValueSpecification\",\"valueRequired\":true,\"valueName\":\"search_term_string\"}}],\"inLanguage\":\"en-GB\"},{\"@type\":\"Organization\",\"@id\":\"https:\\\/\\\/sewmom.es\\\/#organization\",\"name\":\"sewmom\",\"url\":\"https:\\\/\\\/sewmom.es\\\/\",\"logo\":{\"@type\":\"ImageObject\",\"inLanguage\":\"en-GB\",\"@id\":\"https:\\\/\\\/sewmom.es\\\/#\\\/schema\\\/logo\\\/image\\\/\",\"url\":\"https:\\\/\\\/sewmom.es\\\/wp-content\\\/uploads\\\/2023\\\/06\\\/cropped-sewmom.png\",\"contentUrl\":\"https:\\\/\\\/sewmom.es\\\/wp-content\\\/uploads\\\/2023\\\/06\\\/cropped-sewmom.png\",\"width\":413,\"height\":118,\"caption\":\"sewmom\"},\"image\":{\"@id\":\"https:\\\/\\\/sewmom.es\\\/#\\\/schema\\\/logo\\\/image\\\/\"}}]}<\/script>\n<!-- \/ Yoast SEO plugin. -->","yoast_head_json":{"title":"Pol\u00edtica de cookies (UE) - sewmom","robots":{"index":"index","follow":"follow","max-snippet":"max-snippet:-1","max-image-preview":"max-image-preview:large","max-video-preview":"max-video-preview:-1"},"canonical":"https:\/\/sewmom.es\/en\/politica-de-cookies-ue\/","og_locale":"en_GB","og_type":"article","og_title":"Pol\u00edtica de cookies (UE) - sewmom","og_description":"Esta pol\u00edtica de cookies fue actualizada por \u00faltima vez el 1 de febrero de 2023 y se aplica a los ciudadanos y residentes legales permanentes del Espacio Econ\u00f3mico Europeo y Suiza. 1. Introducci\u00f3n Nuestra web,&nbsp;https:\/\/sewmom.es&nbsp;(en adelante: \u00abla web\u00bb) utiliza cookies y otras tecnolog\u00edas relacionadas (para mayor comodidad, todas las tecnolog\u00edas se denominan \u00abcookies\u00bb). Las cookies [&hellip;]","og_url":"https:\/\/sewmom.es\/en\/politica-de-cookies-ue\/","og_site_name":"sewmom","article_modified_time":"2023-08-30T09:50:59+00:00","twitter_card":"summary_large_image","twitter_misc":{"Estimated reading time":"6 minutes"},"schema":{"@context":"https:\/\/schema.org","@graph":[{"@type":"WebPage","@id":"https:\/\/sewmom.es\/politica-de-cookies-ue\/","url":"https:\/\/sewmom.es\/politica-de-cookies-ue\/","name":"Pol\u00edtica de cookies (UE) - sewmom","isPartOf":{"@id":"https:\/\/sewmom.es\/#website"},"datePublished":"2023-06-12T21:40:58+00:00","dateModified":"2023-08-30T09:50:59+00:00","breadcrumb":{"@id":"https:\/\/sewmom.es\/politica-de-cookies-ue\/#breadcrumb"},"inLanguage":"en-GB","potentialAction":[{"@type":"ReadAction","target":["https:\/\/sewmom.es\/politica-de-cookies-ue\/"]}]},{"@type":"BreadcrumbList","@id":"https:\/\/sewmom.es\/politica-de-cookies-ue\/#breadcrumb","itemListElement":[{"@type":"ListItem","position":1,"name":"Portada","item":"https:\/\/sewmom.es\/"},{"@type":"ListItem","position":2,"name":"Pol\u00edtica de cookies (UE)"}]},{"@type":"WebSite","@id":"https:\/\/sewmom.es\/#website","url":"https:\/\/sewmom.es\/","name":"sewmom","description":"Ropa personalizada para beb&eacute;s","publisher":{"@id":"https:\/\/sewmom.es\/#organization"},"potentialAction":[{"@type":"SearchAction","target":{"@type":"EntryPoint","urlTemplate":"https:\/\/sewmom.es\/?s={search_term_string}"},"query-input":{"@type":"PropertyValueSpecification","valueRequired":true,"valueName":"search_term_string"}}],"inLanguage":"en-GB"},{"@type":"Organization","@id":"https:\/\/sewmom.es\/#organization","name":"sewmom","url":"https:\/\/sewmom.es\/","logo":{"@type":"ImageObject","inLanguage":"en-GB","@id":"https:\/\/sewmom.es\/#\/schema\/logo\/image\/","url":"https:\/\/sewmom.es\/wp-content\/uploads\/2023\/06\/cropped-sewmom.png","contentUrl":"https:\/\/sewmom.es\/wp-content\/uploads\/2023\/06\/cropped-sewmom.png","width":413,"height":118,"caption":"sewmom"},"image":{"@id":"https:\/\/sewmom.es\/#\/schema\/logo\/image\/"}}]}},"_links":{"self":[{"href":"https:\/\/sewmom.es\/en\/wp-json\/wp\/v2\/pages\/27","targetHints":{"allow":["GET"]}}],"collection":[{"href":"https:\/\/sewmom.es\/en\/wp-json\/wp\/v2\/pages"}],"about":[{"href":"https:\/\/sewmom.es\/en\/wp-json\/wp\/v2\/types\/page"}],"author":[{"embeddable":true,"href":"https:\/\/sewmom.es\/en\/wp-json\/wp\/v2\/users\/2"}],"replies":[{"embeddable":true,"href":"https:\/\/sewmom.es\/en\/wp-json\/wp\/v2\/comments?post=27"}],"version-history":[{"count":2,"href":"https:\/\/sewmom.es\/en\/wp-json\/wp\/v2\/pages\/27\/revisions"}],"predecessor-version":[{"id":1550,"href":"https:\/\/sewmom.es\/en\/wp-json\/wp\/v2\/pages\/27\/revisions\/1550"}],"wp:attachment":[{"href":"https:\/\/sewmom.es\/en\/wp-json\/wp\/v2\/media?parent=27"}],"curies":[{"name":"wp","href":"https:\/\/api.w.org\/{rel}","templated":true}]}}