{"id":148,"date":"2023-08-21T11:01:54","date_gmt":"2023-08-21T11:01:54","guid":{"rendered":"https:\/\/sewmom.es\/?post_type=product&#038;p=148"},"modified":"2023-08-23T09:58:32","modified_gmt":"2023-08-23T09:58:32","slug":"peto-ranita","status":"publish","type":"product","link":"https:\/\/sewmom.es\/en\/product\/peto-ranita\/","title":{"rendered":"Frog Romper"},"content":{"rendered":"","protected":false},"excerpt":{"rendered":"<p><span style=\"color: #333333;\">A versatile and comfortable garment.<br \/>\nWith opening in the crotch for easy diaper changing.<br \/>\nWith natural wood buttons and a loose design to give freedom of movement.<br \/>\nYou can use them as a first layer during the warmer months.<br \/>\nYou can wear them in the colder months with high socks, a T-shirt or bodysuit and a jacket.<\/span><\/p>\n<p><span style=\"color: #333333;\">COMPOSITION AND CARE<\/span><\/p>\n<ul>\n<li><span style=\"color: #333333;\">100% organic cotton fabric with Oekotex certificate.<\/span><\/li>\n<li><span style=\"color: #333333;\">Wash by hand or machine at a maximum of 30\u00b0C on a delicate program.<\/span><\/li>\n<li><span style=\"color: #333333;\">Iron at low temperature. Do not use bleach.<br \/>\n<\/span><\/li>\n<\/ul>","protected":false},"featured_media":423,"comment_status":"open","ping_status":"closed","template":"","meta":[],"product_brand":[],"product_cat":[21],"product_tag":[],"class_list":{"0":"post-148","1":"product","2":"type-product","3":"status-publish","4":"has-post-thumbnail","6":"product_cat-polainas","8":"first","9":"instock","10":"taxable","11":"shipping-taxable","12":"purchasable","13":"product-type-simple"},"yoast_head":"<!-- This site is optimized with the Yoast SEO plugin v27.5 - https:\/\/yoast.com\/product\/yoast-seo-wordpress\/ -->\n<title>Peto Ranita - sewmom<\/title>\n<meta name=\"robots\" content=\"index, follow, max-snippet:-1, max-image-preview:large, max-video-preview:-1\" \/>\n<link rel=\"canonical\" href=\"https:\/\/sewmom.es\/en\/product\/peto-ranita\/\" \/>\n<meta property=\"og:locale\" content=\"en_GB\" \/>\n<meta property=\"og:type\" content=\"article\" \/>\n<meta property=\"og:title\" content=\"Peto Ranita - sewmom\" \/>\n<meta property=\"og:description\" content=\"Una prenda vers\u00e1til y c\u00f3moda. Con abertura en la entrepierna para facilitar el cambio de pa\u00f1al. Con botones de madera natural y un dise\u00f1o amplio para dar libertad de movimiento. Podr\u00e9is utilizarlos como primera puesta en los meses m\u00e1s calurosos. Les dar\u00e9is salida en los meses m\u00e1s fr\u00edos con calcetines altos, camiseta o bodie y chaquetilla  COMPOSICI\u00d3N Y CUIDADOS   Tejido 100% algod\u00f3n org\u00e1nico con certificado Oekotex.  Lavar a mano o a m\u00e1quina m\u00e1ximo a 30\u00b0C en programa para prendas delicadas.  Planchar a temperatura baja. No usar lej\u00edas.\" \/>\n<meta property=\"og:url\" content=\"https:\/\/sewmom.es\/en\/product\/peto-ranita\/\" \/>\n<meta property=\"og:site_name\" content=\"sewmom\" \/>\n<meta property=\"article:modified_time\" content=\"2023-08-23T09:58:32+00:00\" \/>\n<meta property=\"og:image\" content=\"https:\/\/sewmom.es\/wp-content\/uploads\/2023\/08\/peto-ranita-sewmom.jpg\" \/>\n\t<meta property=\"og:image:width\" content=\"1053\" \/>\n\t<meta property=\"og:image:height\" content=\"1053\" \/>\n\t<meta property=\"og:image:type\" content=\"image\/jpeg\" \/>\n<meta name=\"twitter:card\" content=\"summary_large_image\" \/>\n<script type=\"application\/ld+json\" class=\"yoast-schema-graph\">{\"@context\":\"https:\\\/\\\/schema.org\",\"@graph\":[{\"@type\":\"WebPage\",\"@id\":\"https:\\\/\\\/sewmom.es\\\/producto\\\/peto-ranita\\\/\",\"url\":\"https:\\\/\\\/sewmom.es\\\/producto\\\/peto-ranita\\\/\",\"name\":\"Peto Ranita - sewmom\",\"isPartOf\":{\"@id\":\"https:\\\/\\\/sewmom.es\\\/#website\"},\"primaryImageOfPage\":{\"@id\":\"https:\\\/\\\/sewmom.es\\\/producto\\\/peto-ranita\\\/#primaryimage\"},\"image\":{\"@id\":\"https:\\\/\\\/sewmom.es\\\/producto\\\/peto-ranita\\\/#primaryimage\"},\"thumbnailUrl\":\"https:\\\/\\\/sewmom.es\\\/wp-content\\\/uploads\\\/2023\\\/08\\\/peto-ranita-sewmom.jpg\",\"datePublished\":\"2023-08-21T11:01:54+00:00\",\"dateModified\":\"2023-08-23T09:58:32+00:00\",\"breadcrumb\":{\"@id\":\"https:\\\/\\\/sewmom.es\\\/producto\\\/peto-ranita\\\/#breadcrumb\"},\"inLanguage\":\"en-GB\",\"potentialAction\":[{\"@type\":\"ReadAction\",\"target\":[\"https:\\\/\\\/sewmom.es\\\/producto\\\/peto-ranita\\\/\"]}]},{\"@type\":\"ImageObject\",\"inLanguage\":\"en-GB\",\"@id\":\"https:\\\/\\\/sewmom.es\\\/producto\\\/peto-ranita\\\/#primaryimage\",\"url\":\"https:\\\/\\\/sewmom.es\\\/wp-content\\\/uploads\\\/2023\\\/08\\\/peto-ranita-sewmom.jpg\",\"contentUrl\":\"https:\\\/\\\/sewmom.es\\\/wp-content\\\/uploads\\\/2023\\\/08\\\/peto-ranita-sewmom.jpg\",\"width\":1053,\"height\":1053},{\"@type\":\"BreadcrumbList\",\"@id\":\"https:\\\/\\\/sewmom.es\\\/producto\\\/peto-ranita\\\/#breadcrumb\",\"itemListElement\":[{\"@type\":\"ListItem\",\"position\":1,\"name\":\"Portada\",\"item\":\"https:\\\/\\\/sewmom.es\\\/\"},{\"@type\":\"ListItem\",\"position\":2,\"name\":\"Tienda\",\"item\":\"https:\\\/\\\/sewmom.es\\\/tienda\\\/\"},{\"@type\":\"ListItem\",\"position\":3,\"name\":\"Peto Ranita\"}]},{\"@type\":\"WebSite\",\"@id\":\"https:\\\/\\\/sewmom.es\\\/#website\",\"url\":\"https:\\\/\\\/sewmom.es\\\/\",\"name\":\"sewmom\",\"description\":\"Ropa personalizada para beb&eacute;s\",\"publisher\":{\"@id\":\"https:\\\/\\\/sewmom.es\\\/#organization\"},\"potentialAction\":[{\"@type\":\"SearchAction\",\"target\":{\"@type\":\"EntryPoint\",\"urlTemplate\":\"https:\\\/\\\/sewmom.es\\\/?s={search_term_string}\"},\"query-input\":{\"@type\":\"PropertyValueSpecification\",\"valueRequired\":true,\"valueName\":\"search_term_string\"}}],\"inLanguage\":\"en-GB\"},{\"@type\":\"Organization\",\"@id\":\"https:\\\/\\\/sewmom.es\\\/#organization\",\"name\":\"sewmom\",\"url\":\"https:\\\/\\\/sewmom.es\\\/\",\"logo\":{\"@type\":\"ImageObject\",\"inLanguage\":\"en-GB\",\"@id\":\"https:\\\/\\\/sewmom.es\\\/#\\\/schema\\\/logo\\\/image\\\/\",\"url\":\"https:\\\/\\\/sewmom.es\\\/wp-content\\\/uploads\\\/2023\\\/06\\\/cropped-sewmom.png\",\"contentUrl\":\"https:\\\/\\\/sewmom.es\\\/wp-content\\\/uploads\\\/2023\\\/06\\\/cropped-sewmom.png\",\"width\":413,\"height\":118,\"caption\":\"sewmom\"},\"image\":{\"@id\":\"https:\\\/\\\/sewmom.es\\\/#\\\/schema\\\/logo\\\/image\\\/\"}}]}<\/script>\n<!-- \/ Yoast SEO plugin. -->","yoast_head_json":{"title":"Peto Ranita - sewmom","robots":{"index":"index","follow":"follow","max-snippet":"max-snippet:-1","max-image-preview":"max-image-preview:large","max-video-preview":"max-video-preview:-1"},"canonical":"https:\/\/sewmom.es\/en\/product\/peto-ranita\/","og_locale":"en_GB","og_type":"article","og_title":"Peto Ranita - sewmom","og_description":"Una prenda vers\u00e1til y c\u00f3moda. Con abertura en la entrepierna para facilitar el cambio de pa\u00f1al. Con botones de madera natural y un dise\u00f1o amplio para dar libertad de movimiento. Podr\u00e9is utilizarlos como primera puesta en los meses m\u00e1s calurosos. Les dar\u00e9is salida en los meses m\u00e1s fr\u00edos con calcetines altos, camiseta o bodie y chaquetilla  COMPOSICI\u00d3N Y CUIDADOS   Tejido 100% algod\u00f3n org\u00e1nico con certificado Oekotex.  Lavar a mano o a m\u00e1quina m\u00e1ximo a 30\u00b0C en programa para prendas delicadas.  Planchar a temperatura baja. No usar lej\u00edas.","og_url":"https:\/\/sewmom.es\/en\/product\/peto-ranita\/","og_site_name":"sewmom","article_modified_time":"2023-08-23T09:58:32+00:00","og_image":[{"width":1053,"height":1053,"url":"https:\/\/sewmom.es\/wp-content\/uploads\/2023\/08\/peto-ranita-sewmom.jpg","type":"image\/jpeg"}],"twitter_card":"summary_large_image","schema":{"@context":"https:\/\/schema.org","@graph":[{"@type":"WebPage","@id":"https:\/\/sewmom.es\/producto\/peto-ranita\/","url":"https:\/\/sewmom.es\/producto\/peto-ranita\/","name":"Peto Ranita - sewmom","isPartOf":{"@id":"https:\/\/sewmom.es\/#website"},"primaryImageOfPage":{"@id":"https:\/\/sewmom.es\/producto\/peto-ranita\/#primaryimage"},"image":{"@id":"https:\/\/sewmom.es\/producto\/peto-ranita\/#primaryimage"},"thumbnailUrl":"https:\/\/sewmom.es\/wp-content\/uploads\/2023\/08\/peto-ranita-sewmom.jpg","datePublished":"2023-08-21T11:01:54+00:00","dateModified":"2023-08-23T09:58:32+00:00","breadcrumb":{"@id":"https:\/\/sewmom.es\/producto\/peto-ranita\/#breadcrumb"},"inLanguage":"en-GB","potentialAction":[{"@type":"ReadAction","target":["https:\/\/sewmom.es\/producto\/peto-ranita\/"]}]},{"@type":"ImageObject","inLanguage":"en-GB","@id":"https:\/\/sewmom.es\/producto\/peto-ranita\/#primaryimage","url":"https:\/\/sewmom.es\/wp-content\/uploads\/2023\/08\/peto-ranita-sewmom.jpg","contentUrl":"https:\/\/sewmom.es\/wp-content\/uploads\/2023\/08\/peto-ranita-sewmom.jpg","width":1053,"height":1053},{"@type":"BreadcrumbList","@id":"https:\/\/sewmom.es\/producto\/peto-ranita\/#breadcrumb","itemListElement":[{"@type":"ListItem","position":1,"name":"Portada","item":"https:\/\/sewmom.es\/"},{"@type":"ListItem","position":2,"name":"Tienda","item":"https:\/\/sewmom.es\/tienda\/"},{"@type":"ListItem","position":3,"name":"Peto Ranita"}]},{"@type":"WebSite","@id":"https:\/\/sewmom.es\/#website","url":"https:\/\/sewmom.es\/","name":"sewmom","description":"Ropa personalizada para beb&eacute;s","publisher":{"@id":"https:\/\/sewmom.es\/#organization"},"potentialAction":[{"@type":"SearchAction","target":{"@type":"EntryPoint","urlTemplate":"https:\/\/sewmom.es\/?s={search_term_string}"},"query-input":{"@type":"PropertyValueSpecification","valueRequired":true,"valueName":"search_term_string"}}],"inLanguage":"en-GB"},{"@type":"Organization","@id":"https:\/\/sewmom.es\/#organization","name":"sewmom","url":"https:\/\/sewmom.es\/","logo":{"@type":"ImageObject","inLanguage":"en-GB","@id":"https:\/\/sewmom.es\/#\/schema\/logo\/image\/","url":"https:\/\/sewmom.es\/wp-content\/uploads\/2023\/06\/cropped-sewmom.png","contentUrl":"https:\/\/sewmom.es\/wp-content\/uploads\/2023\/06\/cropped-sewmom.png","width":413,"height":118,"caption":"sewmom"},"image":{"@id":"https:\/\/sewmom.es\/#\/schema\/logo\/image\/"}}]}},"_links":{"self":[{"href":"https:\/\/sewmom.es\/en\/wp-json\/wp\/v2\/product\/148","targetHints":{"allow":["GET"]}}],"collection":[{"href":"https:\/\/sewmom.es\/en\/wp-json\/wp\/v2\/product"}],"about":[{"href":"https:\/\/sewmom.es\/en\/wp-json\/wp\/v2\/types\/product"}],"replies":[{"embeddable":true,"href":"https:\/\/sewmom.es\/en\/wp-json\/wp\/v2\/comments?post=148"}],"wp:featuredmedia":[{"embeddable":true,"href":"https:\/\/sewmom.es\/en\/wp-json\/wp\/v2\/media\/423"}],"wp:attachment":[{"href":"https:\/\/sewmom.es\/en\/wp-json\/wp\/v2\/media?parent=148"}],"wp:term":[{"taxonomy":"product_brand","embeddable":true,"href":"https:\/\/sewmom.es\/en\/wp-json\/wp\/v2\/product_brand?post=148"},{"taxonomy":"product_cat","embeddable":true,"href":"https:\/\/sewmom.es\/en\/wp-json\/wp\/v2\/product_cat?post=148"},{"taxonomy":"product_tag","embeddable":true,"href":"https:\/\/sewmom.es\/en\/wp-json\/wp\/v2\/product_tag?post=148"}],"curies":[{"name":"wp","href":"https:\/\/api.w.org\/{rel}","templated":true}]}}