{"id":520,"date":"2023-08-23T08:51:29","date_gmt":"2023-08-23T08:51:29","guid":{"rendered":"https:\/\/sewmom.es\/?post_type=product&#038;p=520"},"modified":"2024-12-03T10:37:29","modified_gmt":"2024-12-03T10:37:29","slug":"pijama-pelele-cuerpo-entero","status":"publish","type":"product","link":"https:\/\/sewmom.es\/en\/product\/pijama-pelele-cuerpo-entero\/","title":{"rendered":"Full body romper pajamas"},"content":{"rendered":"","protected":false},"excerpt":{"rendered":"<p><span style=\"color: #333333;\">A basic garment that cannot be missed. Made with comfortable organic 100% cotton.<br \/>\nWith crotch closure for easy diaper changing.<br \/>\nAn ideal option both for sleeping and for taking your baby out for a walk.<\/span><\/p>\n<p>COMPOSITION AND CARE<\/p>\n<ul>\n<li><span style=\"color: #333333;\">100% organic cotton fabric with Oekotex certificate.<\/span><\/li>\n<li><span style=\"color: #333333;\">Wash by hand or machine at a maximum of 30\u00b0C on a delicate program.<\/span><\/li>\n<li><span style=\"color: #333333;\">Iron at low temperature. Do not use bleach.<\/span><\/li>\n<\/ul>","protected":false},"featured_media":523,"comment_status":"open","ping_status":"closed","template":"","meta":[],"product_brand":[],"product_cat":[21],"product_tag":[],"class_list":{"0":"post-520","1":"product","2":"type-product","3":"status-publish","4":"has-post-thumbnail","6":"product_cat-polainas","8":"first","9":"instock","10":"taxable","11":"shipping-taxable","12":"purchasable","13":"product-type-simple"},"yoast_head":"<!-- This site is optimized with the Yoast SEO plugin v27.5 - https:\/\/yoast.com\/product\/yoast-seo-wordpress\/ -->\n<title>Pijama pelele cuerpo entero - sewmom<\/title>\n<meta name=\"description\" content=\"Una prenda b\u00e1sica que no puede faltar. Confeccionado con confortable algod\u00f3n 100% org\u00e1nico. Puedes elegir la tela a tu gusto. Hecho a mano.\" \/>\n<meta name=\"robots\" content=\"index, follow, max-snippet:-1, max-image-preview:large, max-video-preview:-1\" \/>\n<link rel=\"canonical\" href=\"https:\/\/sewmom.es\/en\/product\/pijama-pelele-cuerpo-entero\/\" \/>\n<meta property=\"og:locale\" content=\"en_GB\" \/>\n<meta property=\"og:type\" content=\"article\" \/>\n<meta property=\"og:title\" content=\"Pijama pelele cuerpo entero - sewmom\" \/>\n<meta property=\"og:description\" content=\"Una prenda b\u00e1sica que no puede faltar. Confeccionado con confortable algod\u00f3n 100% org\u00e1nico. Puedes elegir la tela a tu gusto. Hecho a mano.\" \/>\n<meta property=\"og:url\" content=\"https:\/\/sewmom.es\/en\/product\/pijama-pelele-cuerpo-entero\/\" \/>\n<meta property=\"og:site_name\" content=\"sewmom\" \/>\n<meta property=\"article:modified_time\" content=\"2024-12-03T10:37:29+00:00\" \/>\n<meta property=\"og:image\" content=\"https:\/\/sewmom.es\/wp-content\/uploads\/2023\/08\/pijama-bebe-sewmom2.jpg\" \/>\n\t<meta property=\"og:image:width\" content=\"1200\" \/>\n\t<meta property=\"og:image:height\" content=\"1200\" \/>\n\t<meta property=\"og:image:type\" content=\"image\/jpeg\" \/>\n<meta name=\"twitter:card\" content=\"summary_large_image\" \/>\n<meta name=\"twitter:label1\" content=\"Estimated reading time\" \/>\n\t<meta name=\"twitter:data1\" content=\"1 minute\" \/>\n<script type=\"application\/ld+json\" class=\"yoast-schema-graph\">{\"@context\":\"https:\\\/\\\/schema.org\",\"@graph\":[{\"@type\":\"WebPage\",\"@id\":\"https:\\\/\\\/sewmom.es\\\/producto\\\/pijama-pelele-cuerpo-entero\\\/\",\"url\":\"https:\\\/\\\/sewmom.es\\\/producto\\\/pijama-pelele-cuerpo-entero\\\/\",\"name\":\"Pijama pelele cuerpo entero - sewmom\",\"isPartOf\":{\"@id\":\"https:\\\/\\\/sewmom.es\\\/#website\"},\"primaryImageOfPage\":{\"@id\":\"https:\\\/\\\/sewmom.es\\\/producto\\\/pijama-pelele-cuerpo-entero\\\/#primaryimage\"},\"image\":{\"@id\":\"https:\\\/\\\/sewmom.es\\\/producto\\\/pijama-pelele-cuerpo-entero\\\/#primaryimage\"},\"thumbnailUrl\":\"https:\\\/\\\/sewmom.es\\\/wp-content\\\/uploads\\\/2023\\\/08\\\/pijama-bebe-sewmom2.jpg\",\"datePublished\":\"2023-08-23T08:51:29+00:00\",\"dateModified\":\"2024-12-03T10:37:29+00:00\",\"description\":\"Una prenda b\u00e1sica que no puede faltar. Confeccionado con confortable algod\u00f3n 100% org\u00e1nico. Puedes elegir la tela a tu gusto. Hecho a mano.\",\"breadcrumb\":{\"@id\":\"https:\\\/\\\/sewmom.es\\\/producto\\\/pijama-pelele-cuerpo-entero\\\/#breadcrumb\"},\"inLanguage\":\"en-GB\",\"potentialAction\":[{\"@type\":\"ReadAction\",\"target\":[\"https:\\\/\\\/sewmom.es\\\/producto\\\/pijama-pelele-cuerpo-entero\\\/\"]}]},{\"@type\":\"ImageObject\",\"inLanguage\":\"en-GB\",\"@id\":\"https:\\\/\\\/sewmom.es\\\/producto\\\/pijama-pelele-cuerpo-entero\\\/#primaryimage\",\"url\":\"https:\\\/\\\/sewmom.es\\\/wp-content\\\/uploads\\\/2023\\\/08\\\/pijama-bebe-sewmom2.jpg\",\"contentUrl\":\"https:\\\/\\\/sewmom.es\\\/wp-content\\\/uploads\\\/2023\\\/08\\\/pijama-bebe-sewmom2.jpg\",\"width\":1200,\"height\":1200},{\"@type\":\"BreadcrumbList\",\"@id\":\"https:\\\/\\\/sewmom.es\\\/producto\\\/pijama-pelele-cuerpo-entero\\\/#breadcrumb\",\"itemListElement\":[{\"@type\":\"ListItem\",\"position\":1,\"name\":\"Portada\",\"item\":\"https:\\\/\\\/sewmom.es\\\/\"},{\"@type\":\"ListItem\",\"position\":2,\"name\":\"Tienda\",\"item\":\"https:\\\/\\\/sewmom.es\\\/tienda\\\/\"},{\"@type\":\"ListItem\",\"position\":3,\"name\":\"Pijama pelele cuerpo entero\"}]},{\"@type\":\"WebSite\",\"@id\":\"https:\\\/\\\/sewmom.es\\\/#website\",\"url\":\"https:\\\/\\\/sewmom.es\\\/\",\"name\":\"sewmom\",\"description\":\"Ropa personalizada para beb&eacute;s\",\"publisher\":{\"@id\":\"https:\\\/\\\/sewmom.es\\\/#organization\"},\"potentialAction\":[{\"@type\":\"SearchAction\",\"target\":{\"@type\":\"EntryPoint\",\"urlTemplate\":\"https:\\\/\\\/sewmom.es\\\/?s={search_term_string}\"},\"query-input\":{\"@type\":\"PropertyValueSpecification\",\"valueRequired\":true,\"valueName\":\"search_term_string\"}}],\"inLanguage\":\"en-GB\"},{\"@type\":\"Organization\",\"@id\":\"https:\\\/\\\/sewmom.es\\\/#organization\",\"name\":\"sewmom\",\"url\":\"https:\\\/\\\/sewmom.es\\\/\",\"logo\":{\"@type\":\"ImageObject\",\"inLanguage\":\"en-GB\",\"@id\":\"https:\\\/\\\/sewmom.es\\\/#\\\/schema\\\/logo\\\/image\\\/\",\"url\":\"https:\\\/\\\/sewmom.es\\\/wp-content\\\/uploads\\\/2023\\\/06\\\/cropped-sewmom.png\",\"contentUrl\":\"https:\\\/\\\/sewmom.es\\\/wp-content\\\/uploads\\\/2023\\\/06\\\/cropped-sewmom.png\",\"width\":413,\"height\":118,\"caption\":\"sewmom\"},\"image\":{\"@id\":\"https:\\\/\\\/sewmom.es\\\/#\\\/schema\\\/logo\\\/image\\\/\"}}]}<\/script>\n<!-- \/ Yoast SEO plugin. -->","yoast_head_json":{"title":"Pijama pelele cuerpo entero - sewmom","description":"Una prenda b\u00e1sica que no puede faltar. Confeccionado con confortable algod\u00f3n 100% org\u00e1nico. Puedes elegir la tela a tu gusto. Hecho a mano.","robots":{"index":"index","follow":"follow","max-snippet":"max-snippet:-1","max-image-preview":"max-image-preview:large","max-video-preview":"max-video-preview:-1"},"canonical":"https:\/\/sewmom.es\/en\/product\/pijama-pelele-cuerpo-entero\/","og_locale":"en_GB","og_type":"article","og_title":"Pijama pelele cuerpo entero - sewmom","og_description":"Una prenda b\u00e1sica que no puede faltar. Confeccionado con confortable algod\u00f3n 100% org\u00e1nico. Puedes elegir la tela a tu gusto. Hecho a mano.","og_url":"https:\/\/sewmom.es\/en\/product\/pijama-pelele-cuerpo-entero\/","og_site_name":"sewmom","article_modified_time":"2024-12-03T10:37:29+00:00","og_image":[{"width":1200,"height":1200,"url":"https:\/\/sewmom.es\/wp-content\/uploads\/2023\/08\/pijama-bebe-sewmom2.jpg","type":"image\/jpeg"}],"twitter_card":"summary_large_image","twitter_misc":{"Estimated reading time":"1 minute"},"schema":{"@context":"https:\/\/schema.org","@graph":[{"@type":"WebPage","@id":"https:\/\/sewmom.es\/producto\/pijama-pelele-cuerpo-entero\/","url":"https:\/\/sewmom.es\/producto\/pijama-pelele-cuerpo-entero\/","name":"Pijama pelele cuerpo entero - sewmom","isPartOf":{"@id":"https:\/\/sewmom.es\/#website"},"primaryImageOfPage":{"@id":"https:\/\/sewmom.es\/producto\/pijama-pelele-cuerpo-entero\/#primaryimage"},"image":{"@id":"https:\/\/sewmom.es\/producto\/pijama-pelele-cuerpo-entero\/#primaryimage"},"thumbnailUrl":"https:\/\/sewmom.es\/wp-content\/uploads\/2023\/08\/pijama-bebe-sewmom2.jpg","datePublished":"2023-08-23T08:51:29+00:00","dateModified":"2024-12-03T10:37:29+00:00","description":"Una prenda b\u00e1sica que no puede faltar. Confeccionado con confortable algod\u00f3n 100% org\u00e1nico. Puedes elegir la tela a tu gusto. Hecho a mano.","breadcrumb":{"@id":"https:\/\/sewmom.es\/producto\/pijama-pelele-cuerpo-entero\/#breadcrumb"},"inLanguage":"en-GB","potentialAction":[{"@type":"ReadAction","target":["https:\/\/sewmom.es\/producto\/pijama-pelele-cuerpo-entero\/"]}]},{"@type":"ImageObject","inLanguage":"en-GB","@id":"https:\/\/sewmom.es\/producto\/pijama-pelele-cuerpo-entero\/#primaryimage","url":"https:\/\/sewmom.es\/wp-content\/uploads\/2023\/08\/pijama-bebe-sewmom2.jpg","contentUrl":"https:\/\/sewmom.es\/wp-content\/uploads\/2023\/08\/pijama-bebe-sewmom2.jpg","width":1200,"height":1200},{"@type":"BreadcrumbList","@id":"https:\/\/sewmom.es\/producto\/pijama-pelele-cuerpo-entero\/#breadcrumb","itemListElement":[{"@type":"ListItem","position":1,"name":"Portada","item":"https:\/\/sewmom.es\/"},{"@type":"ListItem","position":2,"name":"Tienda","item":"https:\/\/sewmom.es\/tienda\/"},{"@type":"ListItem","position":3,"name":"Pijama pelele cuerpo entero"}]},{"@type":"WebSite","@id":"https:\/\/sewmom.es\/#website","url":"https:\/\/sewmom.es\/","name":"sewmom","description":"Ropa personalizada para beb&eacute;s","publisher":{"@id":"https:\/\/sewmom.es\/#organization"},"potentialAction":[{"@type":"SearchAction","target":{"@type":"EntryPoint","urlTemplate":"https:\/\/sewmom.es\/?s={search_term_string}"},"query-input":{"@type":"PropertyValueSpecification","valueRequired":true,"valueName":"search_term_string"}}],"inLanguage":"en-GB"},{"@type":"Organization","@id":"https:\/\/sewmom.es\/#organization","name":"sewmom","url":"https:\/\/sewmom.es\/","logo":{"@type":"ImageObject","inLanguage":"en-GB","@id":"https:\/\/sewmom.es\/#\/schema\/logo\/image\/","url":"https:\/\/sewmom.es\/wp-content\/uploads\/2023\/06\/cropped-sewmom.png","contentUrl":"https:\/\/sewmom.es\/wp-content\/uploads\/2023\/06\/cropped-sewmom.png","width":413,"height":118,"caption":"sewmom"},"image":{"@id":"https:\/\/sewmom.es\/#\/schema\/logo\/image\/"}}]}},"_links":{"self":[{"href":"https:\/\/sewmom.es\/en\/wp-json\/wp\/v2\/product\/520","targetHints":{"allow":["GET"]}}],"collection":[{"href":"https:\/\/sewmom.es\/en\/wp-json\/wp\/v2\/product"}],"about":[{"href":"https:\/\/sewmom.es\/en\/wp-json\/wp\/v2\/types\/product"}],"replies":[{"embeddable":true,"href":"https:\/\/sewmom.es\/en\/wp-json\/wp\/v2\/comments?post=520"}],"wp:featuredmedia":[{"embeddable":true,"href":"https:\/\/sewmom.es\/en\/wp-json\/wp\/v2\/media\/523"}],"wp:attachment":[{"href":"https:\/\/sewmom.es\/en\/wp-json\/wp\/v2\/media?parent=520"}],"wp:term":[{"taxonomy":"product_brand","embeddable":true,"href":"https:\/\/sewmom.es\/en\/wp-json\/wp\/v2\/product_brand?post=520"},{"taxonomy":"product_cat","embeddable":true,"href":"https:\/\/sewmom.es\/en\/wp-json\/wp\/v2\/product_cat?post=520"},{"taxonomy":"product_tag","embeddable":true,"href":"https:\/\/sewmom.es\/en\/wp-json\/wp\/v2\/product_tag?post=520"}],"curies":[{"name":"wp","href":"https:\/\/api.w.org\/{rel}","templated":true}]}}