{"id":925,"date":"2023-10-26T00:00:29","date_gmt":"2023-10-26T00:00:29","guid":{"rendered":"https:\/\/sewmom.es\/?post_type=product&#038;p=925"},"modified":"2023-11-24T15:03:27","modified_gmt":"2023-11-24T15:03:27","slug":"peto-bebe-jacquard-0-1","status":"publish","type":"product","link":"https:\/\/sewmom.es\/en\/product\/peto-bebe-jacquard-0-1\/","title":{"rendered":"Baby jacquard overalls 0\/1"},"content":{"rendered":"","protected":false},"excerpt":{"rendered":"<blockquote><p>Baby overalls in very comfortable jacquard fabric, with an opening in the crotch for easy putting on, diaper changing and navel care.<\/p><\/blockquote>\n<p>Size 0\/1 5<span style=\"color: #333333;\">2cm<\/span><\/p>\n<p>Delivery in 2\/3 days<\/p>\n<p>COMPOSITION AND CARE<\/p>\n<ul>\n<li>100% organic cotton fabric with Oekotex certificate.<\/li>\n<li>Wash by hand or machine at a maximum of 30\u00b0C on a delicate program.<\/li>\n<li>Iron at low temperature. Do not use bleach.<\/li>\n<\/ul>","protected":false},"featured_media":913,"comment_status":"open","ping_status":"closed","template":"","meta":[],"product_brand":[],"product_cat":[45],"product_tag":[],"class_list":{"0":"post-925","1":"product","2":"type-product","3":"status-publish","4":"has-post-thumbnail","6":"product_cat-conjuntos-en-stock","8":"first","9":"instock","10":"sale","11":"featured","12":"taxable","13":"shipping-taxable","14":"purchasable","15":"product-type-simple"},"yoast_head":"<!-- This site is optimized with the Yoast SEO plugin v27.5 - https:\/\/yoast.com\/product\/yoast-seo-wordpress\/ -->\n<title>Peto beb\u00e9 jacquard 0\/1 - sewmom<\/title>\n<meta name=\"robots\" content=\"index, follow, max-snippet:-1, max-image-preview:large, max-video-preview:-1\" \/>\n<link rel=\"canonical\" href=\"https:\/\/sewmom.es\/en\/product\/peto-bebe-jacquard-0-1\/\" \/>\n<meta property=\"og:locale\" content=\"en_GB\" \/>\n<meta property=\"og:type\" content=\"article\" \/>\n<meta property=\"og:title\" content=\"Peto beb\u00e9 jacquard 0\/1 - sewmom\" \/>\n<meta property=\"og:description\" content=\"Peto beb\u00e9 en tejido jacquard muy confortable, con abertura en la entrepierna para facilitar la puesta, el cambio de pa\u00f1al y la cura del ombliguito. Talla 0\/1 52cm  Entrega en 2\/3 d\u00edas  COMPOSICI\u00d3N Y CUIDADOS   Tejido 100% algod\u00f3n org\u00e1nico con certificado Oekotex.  Lavar a mano o a m\u00e1quina m\u00e1ximo a 30\u00b0C en programa para prendas delicadas.  Planchar a temperatura baja. No usar lej\u00edas.\" \/>\n<meta property=\"og:url\" content=\"https:\/\/sewmom.es\/en\/product\/peto-bebe-jacquard-0-1\/\" \/>\n<meta property=\"og:site_name\" content=\"sewmom\" \/>\n<meta property=\"article:modified_time\" content=\"2023-11-24T15:03:27+00:00\" \/>\n<meta property=\"og:image\" content=\"https:\/\/sewmom.es\/wp-content\/uploads\/2023\/10\/IMG_20231013_120745-scaled.jpg\" \/>\n\t<meta property=\"og:image:width\" content=\"1920\" \/>\n\t<meta property=\"og:image:height\" content=\"2560\" \/>\n\t<meta property=\"og:image:type\" content=\"image\/jpeg\" \/>\n<meta name=\"twitter:card\" content=\"summary_large_image\" \/>\n<script type=\"application\/ld+json\" class=\"yoast-schema-graph\">{\"@context\":\"https:\\\/\\\/schema.org\",\"@graph\":[{\"@type\":\"WebPage\",\"@id\":\"https:\\\/\\\/sewmom.es\\\/producto\\\/peto-bebe-jacquard-0-1\\\/\",\"url\":\"https:\\\/\\\/sewmom.es\\\/producto\\\/peto-bebe-jacquard-0-1\\\/\",\"name\":\"Peto beb\u00e9 jacquard 0\\\/1 - sewmom\",\"isPartOf\":{\"@id\":\"https:\\\/\\\/sewmom.es\\\/#website\"},\"primaryImageOfPage\":{\"@id\":\"https:\\\/\\\/sewmom.es\\\/producto\\\/peto-bebe-jacquard-0-1\\\/#primaryimage\"},\"image\":{\"@id\":\"https:\\\/\\\/sewmom.es\\\/producto\\\/peto-bebe-jacquard-0-1\\\/#primaryimage\"},\"thumbnailUrl\":\"https:\\\/\\\/sewmom.es\\\/wp-content\\\/uploads\\\/2023\\\/10\\\/IMG_20231013_120745-scaled.jpg\",\"datePublished\":\"2023-10-26T00:00:29+00:00\",\"dateModified\":\"2023-11-24T15:03:27+00:00\",\"breadcrumb\":{\"@id\":\"https:\\\/\\\/sewmom.es\\\/producto\\\/peto-bebe-jacquard-0-1\\\/#breadcrumb\"},\"inLanguage\":\"en-GB\",\"potentialAction\":[{\"@type\":\"ReadAction\",\"target\":[\"https:\\\/\\\/sewmom.es\\\/producto\\\/peto-bebe-jacquard-0-1\\\/\"]}]},{\"@type\":\"ImageObject\",\"inLanguage\":\"en-GB\",\"@id\":\"https:\\\/\\\/sewmom.es\\\/producto\\\/peto-bebe-jacquard-0-1\\\/#primaryimage\",\"url\":\"https:\\\/\\\/sewmom.es\\\/wp-content\\\/uploads\\\/2023\\\/10\\\/IMG_20231013_120745-scaled.jpg\",\"contentUrl\":\"https:\\\/\\\/sewmom.es\\\/wp-content\\\/uploads\\\/2023\\\/10\\\/IMG_20231013_120745-scaled.jpg\",\"width\":1920,\"height\":2560},{\"@type\":\"BreadcrumbList\",\"@id\":\"https:\\\/\\\/sewmom.es\\\/producto\\\/peto-bebe-jacquard-0-1\\\/#breadcrumb\",\"itemListElement\":[{\"@type\":\"ListItem\",\"position\":1,\"name\":\"Portada\",\"item\":\"https:\\\/\\\/sewmom.es\\\/\"},{\"@type\":\"ListItem\",\"position\":2,\"name\":\"Tienda\",\"item\":\"https:\\\/\\\/sewmom.es\\\/tienda\\\/\"},{\"@type\":\"ListItem\",\"position\":3,\"name\":\"Peto beb\u00e9 jacquard 0\\\/1\"}]},{\"@type\":\"WebSite\",\"@id\":\"https:\\\/\\\/sewmom.es\\\/#website\",\"url\":\"https:\\\/\\\/sewmom.es\\\/\",\"name\":\"sewmom\",\"description\":\"Ropa personalizada para beb&eacute;s\",\"publisher\":{\"@id\":\"https:\\\/\\\/sewmom.es\\\/#organization\"},\"potentialAction\":[{\"@type\":\"SearchAction\",\"target\":{\"@type\":\"EntryPoint\",\"urlTemplate\":\"https:\\\/\\\/sewmom.es\\\/?s={search_term_string}\"},\"query-input\":{\"@type\":\"PropertyValueSpecification\",\"valueRequired\":true,\"valueName\":\"search_term_string\"}}],\"inLanguage\":\"en-GB\"},{\"@type\":\"Organization\",\"@id\":\"https:\\\/\\\/sewmom.es\\\/#organization\",\"name\":\"sewmom\",\"url\":\"https:\\\/\\\/sewmom.es\\\/\",\"logo\":{\"@type\":\"ImageObject\",\"inLanguage\":\"en-GB\",\"@id\":\"https:\\\/\\\/sewmom.es\\\/#\\\/schema\\\/logo\\\/image\\\/\",\"url\":\"https:\\\/\\\/sewmom.es\\\/wp-content\\\/uploads\\\/2023\\\/06\\\/cropped-sewmom.png\",\"contentUrl\":\"https:\\\/\\\/sewmom.es\\\/wp-content\\\/uploads\\\/2023\\\/06\\\/cropped-sewmom.png\",\"width\":413,\"height\":118,\"caption\":\"sewmom\"},\"image\":{\"@id\":\"https:\\\/\\\/sewmom.es\\\/#\\\/schema\\\/logo\\\/image\\\/\"}}]}<\/script>\n<!-- \/ Yoast SEO plugin. -->","yoast_head_json":{"title":"Peto beb\u00e9 jacquard 0\/1 - sewmom","robots":{"index":"index","follow":"follow","max-snippet":"max-snippet:-1","max-image-preview":"max-image-preview:large","max-video-preview":"max-video-preview:-1"},"canonical":"https:\/\/sewmom.es\/en\/product\/peto-bebe-jacquard-0-1\/","og_locale":"en_GB","og_type":"article","og_title":"Peto beb\u00e9 jacquard 0\/1 - sewmom","og_description":"Peto beb\u00e9 en tejido jacquard muy confortable, con abertura en la entrepierna para facilitar la puesta, el cambio de pa\u00f1al y la cura del ombliguito. Talla 0\/1 52cm  Entrega en 2\/3 d\u00edas  COMPOSICI\u00d3N Y CUIDADOS   Tejido 100% algod\u00f3n org\u00e1nico con certificado Oekotex.  Lavar a mano o a m\u00e1quina m\u00e1ximo a 30\u00b0C en programa para prendas delicadas.  Planchar a temperatura baja. No usar lej\u00edas.","og_url":"https:\/\/sewmom.es\/en\/product\/peto-bebe-jacquard-0-1\/","og_site_name":"sewmom","article_modified_time":"2023-11-24T15:03:27+00:00","og_image":[{"width":1920,"height":2560,"url":"https:\/\/sewmom.es\/wp-content\/uploads\/2023\/10\/IMG_20231013_120745-scaled.jpg","type":"image\/jpeg"}],"twitter_card":"summary_large_image","schema":{"@context":"https:\/\/schema.org","@graph":[{"@type":"WebPage","@id":"https:\/\/sewmom.es\/producto\/peto-bebe-jacquard-0-1\/","url":"https:\/\/sewmom.es\/producto\/peto-bebe-jacquard-0-1\/","name":"Peto beb\u00e9 jacquard 0\/1 - sewmom","isPartOf":{"@id":"https:\/\/sewmom.es\/#website"},"primaryImageOfPage":{"@id":"https:\/\/sewmom.es\/producto\/peto-bebe-jacquard-0-1\/#primaryimage"},"image":{"@id":"https:\/\/sewmom.es\/producto\/peto-bebe-jacquard-0-1\/#primaryimage"},"thumbnailUrl":"https:\/\/sewmom.es\/wp-content\/uploads\/2023\/10\/IMG_20231013_120745-scaled.jpg","datePublished":"2023-10-26T00:00:29+00:00","dateModified":"2023-11-24T15:03:27+00:00","breadcrumb":{"@id":"https:\/\/sewmom.es\/producto\/peto-bebe-jacquard-0-1\/#breadcrumb"},"inLanguage":"en-GB","potentialAction":[{"@type":"ReadAction","target":["https:\/\/sewmom.es\/producto\/peto-bebe-jacquard-0-1\/"]}]},{"@type":"ImageObject","inLanguage":"en-GB","@id":"https:\/\/sewmom.es\/producto\/peto-bebe-jacquard-0-1\/#primaryimage","url":"https:\/\/sewmom.es\/wp-content\/uploads\/2023\/10\/IMG_20231013_120745-scaled.jpg","contentUrl":"https:\/\/sewmom.es\/wp-content\/uploads\/2023\/10\/IMG_20231013_120745-scaled.jpg","width":1920,"height":2560},{"@type":"BreadcrumbList","@id":"https:\/\/sewmom.es\/producto\/peto-bebe-jacquard-0-1\/#breadcrumb","itemListElement":[{"@type":"ListItem","position":1,"name":"Portada","item":"https:\/\/sewmom.es\/"},{"@type":"ListItem","position":2,"name":"Tienda","item":"https:\/\/sewmom.es\/tienda\/"},{"@type":"ListItem","position":3,"name":"Peto beb\u00e9 jacquard 0\/1"}]},{"@type":"WebSite","@id":"https:\/\/sewmom.es\/#website","url":"https:\/\/sewmom.es\/","name":"sewmom","description":"Ropa personalizada para beb&eacute;s","publisher":{"@id":"https:\/\/sewmom.es\/#organization"},"potentialAction":[{"@type":"SearchAction","target":{"@type":"EntryPoint","urlTemplate":"https:\/\/sewmom.es\/?s={search_term_string}"},"query-input":{"@type":"PropertyValueSpecification","valueRequired":true,"valueName":"search_term_string"}}],"inLanguage":"en-GB"},{"@type":"Organization","@id":"https:\/\/sewmom.es\/#organization","name":"sewmom","url":"https:\/\/sewmom.es\/","logo":{"@type":"ImageObject","inLanguage":"en-GB","@id":"https:\/\/sewmom.es\/#\/schema\/logo\/image\/","url":"https:\/\/sewmom.es\/wp-content\/uploads\/2023\/06\/cropped-sewmom.png","contentUrl":"https:\/\/sewmom.es\/wp-content\/uploads\/2023\/06\/cropped-sewmom.png","width":413,"height":118,"caption":"sewmom"},"image":{"@id":"https:\/\/sewmom.es\/#\/schema\/logo\/image\/"}}]}},"_links":{"self":[{"href":"https:\/\/sewmom.es\/en\/wp-json\/wp\/v2\/product\/925","targetHints":{"allow":["GET"]}}],"collection":[{"href":"https:\/\/sewmom.es\/en\/wp-json\/wp\/v2\/product"}],"about":[{"href":"https:\/\/sewmom.es\/en\/wp-json\/wp\/v2\/types\/product"}],"replies":[{"embeddable":true,"href":"https:\/\/sewmom.es\/en\/wp-json\/wp\/v2\/comments?post=925"}],"wp:featuredmedia":[{"embeddable":true,"href":"https:\/\/sewmom.es\/en\/wp-json\/wp\/v2\/media\/913"}],"wp:attachment":[{"href":"https:\/\/sewmom.es\/en\/wp-json\/wp\/v2\/media?parent=925"}],"wp:term":[{"taxonomy":"product_brand","embeddable":true,"href":"https:\/\/sewmom.es\/en\/wp-json\/wp\/v2\/product_brand?post=925"},{"taxonomy":"product_cat","embeddable":true,"href":"https:\/\/sewmom.es\/en\/wp-json\/wp\/v2\/product_cat?post=925"},{"taxonomy":"product_tag","embeddable":true,"href":"https:\/\/sewmom.es\/en\/wp-json\/wp\/v2\/product_tag?post=925"}],"curies":[{"name":"wp","href":"https:\/\/api.w.org\/{rel}","templated":true}]}}